{"id":53237,"date":"2025-06-30T11:35:10","date_gmt":"2025-06-30T09:35:10","guid":{"rendered":"http:\/\/hrvision.pl\/preisliste\/"},"modified":"2025-09-29T14:01:30","modified_gmt":"2025-09-29T12:01:30","slug":"preisliste","status":"publish","type":"page","link":"https:\/\/hrappka.pl\/de\/preisliste\/","title":{"rendered":"Preisliste"},"content":{"rendered":"\t\t<div data-elementor-type=\"wp-page\" data-elementor-id=\"53237\" class=\"elementor elementor-53237 elementor-40553\">\n\t\t\t\t<div class=\"elementor-element elementor-element-6fff737 e-con-full e-flex e-con e-parent\" data-id=\"6fff737\" data-element_type=\"container\" data-e-type=\"container\" data-settings=\"{&quot;background_background&quot;:&quot;classic&quot;}\">\n\t\t<div class=\"elementor-element elementor-element-a458090 animated-fast e-flex e-con-boxed elementor-invisible e-con e-child\" data-id=\"a458090\" data-element_type=\"container\" data-e-type=\"container\" data-settings=\"{&quot;animation&quot;:&quot;fadeIn&quot;,&quot;animation_delay&quot;:100}\">\n\t\t\t\t\t<div class=\"e-con-inner\">\n\t\t<div class=\"elementor-element elementor-element-e447105 e-con-full e-flex e-con e-child\" data-id=\"e447105\" data-element_type=\"container\" data-e-type=\"container\">\n\t\t\t\t<div class=\"elementor-element elementor-element-b12a9fe animated-fast elementor-invisible elementor-widget elementor-widget-elementskit-heading\" data-id=\"b12a9fe\" data-element_type=\"widget\" data-e-type=\"widget\" data-settings=\"{&quot;ekit_we_effect_on&quot;:&quot;css&quot;,&quot;_animation&quot;:&quot;fadeIn&quot;,&quot;_animation_delay&quot;:200}\" data-widget_type=\"elementskit-heading.default\">\n\t\t\t\t<div class=\"elementor-widget-container\">\n\t\t\t\t\t<div class=\"ekit-wid-con\" ><div class=\"ekit-heading elementskit-section-title-wraper text_center   ekit_heading_tablet-   ekit_heading_mobile-text_left\"><h6 class=\"elementskit-section-subtitle   ekit-heading__subtitle-has-border\">\n\t\t\t\t\t\tPreisliste\n\t\t\t\t\t<\/h6><h1 class=\"ekit-heading--title elementskit-section-title \">Elastisch <span><span>oferta<\/span><\/span> tailliert<br> f\u00fcr jedes Team<\/h1>\t\t\t\t<div class='ekit-heading__description'>\n\t\t\t\t\t<p>Wir bieten skalierbare Preisoptionen, die mit den Bed\u00fcrfnissen und dem Budget Ihres Teams wachsen.<\/p>\n\t\t\t\t<\/div>\n\t\t\t<\/div><\/div>\t\t\t\t<\/div>\n\t\t\t\t<\/div>\n\t\t\t\t<\/div>\n\t\t<div class=\"elementor-element elementor-element-73d6964 e-con-full e-flex e-con e-child\" data-id=\"73d6964\" data-element_type=\"container\" data-e-type=\"container\">\n\t\t<div class=\"elementor-element elementor-element-8cb95c9 e-con-full animated-fast e-flex elementor-invisible e-con e-child\" data-id=\"8cb95c9\" data-element_type=\"container\" data-e-type=\"container\" data-settings=\"{&quot;animation&quot;:&quot;fadeInUp&quot;,&quot;animation_delay&quot;:200}\">\n\t\t\t\t<div class=\"elementor-element elementor-element-a8b5c8a elementor-widget elementor-widget-heading\" data-id=\"a8b5c8a\" data-element_type=\"widget\" data-e-type=\"widget\" data-settings=\"{&quot;ekit_we_effect_on&quot;:&quot;none&quot;}\" data-widget_type=\"heading.default\">\n\t\t\t\t<div class=\"elementor-widget-container\">\n\t\t\t\t\t<p class=\"elementor-heading-title elementor-size-default\">\ud83d\udd25 Beliebteste \ud83d\udd25<\/p>\t\t\t\t<\/div>\n\t\t\t\t<\/div>\n\t\t\t\t<div class=\"elementor-element elementor-element-96b7316 elementor-widget elementor-widget-elementskit-pricing\" data-id=\"96b7316\" data-element_type=\"widget\" data-e-type=\"widget\" data-settings=\"{&quot;ekit_we_effect_on&quot;:&quot;none&quot;}\" data-widget_type=\"elementskit-pricing.default\">\n\t\t\t\t<div class=\"elementor-widget-container\">\n\t\t\t\t\t<div class=\"ekit-wid-con\" >\n\n        <div class=\"elementskit-single-pricing d-flex flex-column\" >\n            <div class=\"elementskit-pricing-header order-1\">\n\t\t\t\t\t\t\t\t\n\t\t\t\t                \t<h4\t\t\t\t\tclass=\" elementskit-pricing-title\">All-HR\t\t\t\t\t<\/h4>\n\t\t\t\t\t\t\t\t                \t<p class=\" elementskit-pricing-subtitle\">Alle Module des HRappka-Systems<\/p>\n\t\t\t\t            <\/div>\n\t\t\t            <div class=\" elementskit-pricing-price-wraper has-tag order-2\">\n                <div class=\"elementskit-pricing-tag\"><\/div>\n                <span class=\"elementskit-pricing-price\">\n\t\t\t\t\t\t\t\t\t\t\t<sup class=\"currency\">PLN<\/sup>\n\t\t\t\t\t\t\t\t\t\t<span>135<\/span>\n\t\t\t\t\t\n\t\t\t\t\t\t\t\t\t\t<sub class=\"period\">  \/ Monat \/ admin<\/sub>\n\t\t\t\t\t\t\t\t\t<\/span>\n            <\/div>\n\t\t\t            <div class=\"elementskit-pricing-content order-4\">\n\n                                                    <ul class=\"elementskit-pricing-lists\">\n                        \t\t\t\t\t\t\t<li class=\"elementor-repeater-item-7812a8f\">\n\t\t\t\t\t\t\t\t<i aria-hidden=\"true\" class=\"fas fa-check-circle\"><\/i>\t\t\t\t\t\t\t\t\n\t\t\t\t\t\t\t\tBezp\u0142atne konta pracownicze\t\t\t\t\t\t\t\t\n\t\t\t\t\t\t\t\t\t\t\t\t\t\t\t<\/li>\n                        \t\t\t\t\t\t\t<li class=\"elementor-repeater-item-92dd9da\">\n\t\t\t\t\t\t\t\t<i aria-hidden=\"true\" class=\"fas fa-check-circle\"><\/i>\t\t\t\t\t\t\t\t\n\t\t\t\t\t\t\t\tDost\u0119p do wszystkich modu\u0142\u00f3w\t\t\t\t\t\t\t\t\n\t\t\t\t\t\t\t\t\t\t\t\t\t\t\t<\/li>\n                        \t\t\t\t\t\t\t<li class=\"elementor-repeater-item-df7ac74\">\n\t\t\t\t\t\t\t\t<i aria-hidden=\"true\" class=\"fas fa-check-circle\"><\/i>\t\t\t\t\t\t\t\t\n\t\t\t\t\t\t\t\tDedykowany opiekun\t\t\t\t\t\t\t\t\n\t\t\t\t\t\t\t\t\t\t\t\t\t\t\t<\/li>\n                        \t\t\t\t\t\t\t<li class=\"elementor-repeater-item-9dea9d7\">\n\t\t\t\t\t\t\t\t<i aria-hidden=\"true\" class=\"fas fa-check-circle\"><\/i>\t\t\t\t\t\t\t\t\n\t\t\t\t\t\t\t\tWsparcie 8:00 - 17:00 (pon-pt)\t\t\t\t\t\t\t\t\n\t\t\t\t\t\t\t\t\t\t\t\t\t\t\t<\/li>\n                                            <\/ul>\n                            <\/div>\n            <div class=\"elementskit-pricing-btn-wraper order-3\">\n\t\t\t\t<a href=\"https:\/\/app.hrappka.pl\/auth\/register\" class=\"elementskit-pricing-btn  ekit-pricing-btn-icon-pos-\" >\n\t\t\t\t\tAnmelden\t\t\t\t<\/a>\n            <\/div>\n        <\/div>\n\n    <\/div>\t\t\t\t<\/div>\n\t\t\t\t<\/div>\n\t\t\t\t<\/div>\n\t\t<div class=\"elementor-element elementor-element-d4b331d e-con-full animated-fast e-flex elementor-invisible e-con e-child\" data-id=\"d4b331d\" data-element_type=\"container\" data-e-type=\"container\" data-settings=\"{&quot;animation&quot;:&quot;fadeInUp&quot;,&quot;animation_delay&quot;:100}\">\n\t\t\t\t<div class=\"elementor-element elementor-element-5973063 elementor-widget elementor-widget-elementskit-pricing\" data-id=\"5973063\" data-element_type=\"widget\" data-e-type=\"widget\" data-settings=\"{&quot;ekit_we_effect_on&quot;:&quot;none&quot;}\" data-widget_type=\"elementskit-pricing.default\">\n\t\t\t\t<div class=\"elementor-widget-container\">\n\t\t\t\t\t<div class=\"ekit-wid-con\" >\n\n        <div class=\"elementskit-single-pricing d-flex flex-column\" >\n            <div class=\"elementskit-pricing-header order-1\">\n\t\t\t\t\t\t\t\t\n\t\t\t\t                \t<h4\t\t\t\t\tclass=\" elementskit-pricing-title\">Arbeitszeiterfassung\t\t\t\t\t<\/h4>\n\t\t\t\t\t\t\t\t                \t<p class=\" elementskit-pricing-subtitle\">Komfortable Planung und Erfassung von Arbeitszeiten und Mitarbeiterportalen<\/p>\n\t\t\t\t            <\/div>\n\t\t\t            <div class=\" elementskit-pricing-price-wraper has-tag order-2\">\n                <div class=\"elementskit-pricing-tag\"><\/div>\n                <span class=\"elementskit-pricing-price\">\n\t\t\t\t\t\t\t\t\t\t\t<sup class=\"currency\">PLN<\/sup>\n\t\t\t\t\t\t\t\t\t\t<span>6<\/span>\n\t\t\t\t\t\n\t\t\t\t\t\t\t\t\t\t<sub class=\"period\">  \/ Monat \/ Mitarbeiter<\/sub>\n\t\t\t\t\t\t\t\t\t<\/span>\n            <\/div>\n\t\t\t            <div class=\"elementskit-pricing-content order-4\">\n\n                                                    <ul class=\"elementskit-pricing-lists\">\n                        \t\t\t\t\t\t\t<li class=\"elementor-repeater-item-7812a8f\">\n\t\t\t\t\t\t\t\t<i aria-hidden=\"true\" class=\"fas fa-check-circle\"><\/i>\t\t\t\t\t\t\t\t\n\t\t\t\t\t\t\t\tModu\u0142 ewidencji czasu pracy\t\t\t\t\t\t\t\t\n\t\t\t\t\t\t\t\t\t\t\t\t\t\t\t<\/li>\n                        \t\t\t\t\t\t\t<li class=\"elementor-repeater-item-92dd9da\">\n\t\t\t\t\t\t\t\t<i aria-hidden=\"true\" class=\"fas fa-check-circle\"><\/i>\t\t\t\t\t\t\t\t\n\t\t\t\t\t\t\t\tBezp\u0142atne konta administrator\u00f3w\t\t\t\t\t\t\t\t\n\t\t\t\t\t\t\t\t\t\t\t\t\t\t\t<\/li>\n                        \t\t\t\t\t\t\t<li class=\"elementor-repeater-item-9dea9d7\">\n\t\t\t\t\t\t\t\t<i aria-hidden=\"true\" class=\"fas fa-check-circle\"><\/i>\t\t\t\t\t\t\t\t\n\t\t\t\t\t\t\t\tBezp\u0142atne konta manager\u00f3w\t\t\t\t\t\t\t\t\n\t\t\t\t\t\t\t\t\t\t\t\t\t\t\t<\/li>\n                        \t\t\t\t\t\t\t<li class=\"elementor-repeater-item-df7ac74\">\n\t\t\t\t\t\t\t\t<i aria-hidden=\"true\" class=\"fas fa-check-circle\"><\/i>\t\t\t\t\t\t\t\t\n\t\t\t\t\t\t\t\tDost\u0119p do wszystkich modu\u0142\u00f3w\t\t\t\t\t\t\t\t\n\t\t\t\t\t\t\t\t\t\t\t\t\t\t\t<\/li>\n                                            <\/ul>\n                            <\/div>\n            <div class=\"elementskit-pricing-btn-wraper order-3\">\n\t\t\t\t<a href=\"https:\/\/app.hrappka.pl\/auth\/register\" class=\"elementskit-pricing-btn  ekit-pricing-btn-icon-pos-\" >\n\t\t\t\t\tAnmelden\t\t\t\t<\/a>\n            <\/div>\n        <\/div>\n\n    <\/div>\t\t\t\t<\/div>\n\t\t\t\t<\/div>\n\t\t\t\t<\/div>\n\t\t<div class=\"elementor-element elementor-element-9c33242 e-con-full animated-fast e-flex elementor-invisible e-con e-child\" data-id=\"9c33242\" data-element_type=\"container\" data-e-type=\"container\" data-settings=\"{&quot;animation&quot;:&quot;fadeInUp&quot;,&quot;animation_delay&quot;:300}\">\n\t\t\t\t<div class=\"elementor-element elementor-element-c904721 elementor-widget elementor-widget-elementskit-pricing\" data-id=\"c904721\" data-element_type=\"widget\" data-e-type=\"widget\" data-settings=\"{&quot;ekit_we_effect_on&quot;:&quot;none&quot;}\" data-widget_type=\"elementskit-pricing.default\">\n\t\t\t\t<div class=\"elementor-widget-container\">\n\t\t\t\t\t<div class=\"ekit-wid-con\" >\n\n        <div class=\"elementskit-single-pricing d-flex flex-column\" >\n            <div class=\"elementskit-pricing-header order-1\">\n\t\t\t\t\t\t\t\t\n\t\t\t\t                \t<h4\t\t\t\t\tclass=\" elementskit-pricing-title\">Urlaubsantr\u00e4ge\t\t\t\t\t<\/h4>\n\t\t\t\t\t\t\t\t                \t<p class=\" elementskit-pricing-subtitle\">Abwesenheitsplanung und Mitarbeiter-Self-Service  <\/p>\n\t\t\t\t            <\/div>\n\t\t\t            <div class=\" elementskit-pricing-price-wraper has-tag order-2\">\n                <div class=\"elementskit-pricing-tag\"><\/div>\n                <span class=\"elementskit-pricing-price\">\n\t\t\t\t\t\t\t\t\t\t\t<sup class=\"currency\">PLN<\/sup>\n\t\t\t\t\t\t\t\t\t\t<span>6<\/span>\n\t\t\t\t\t\n\t\t\t\t\t\t\t\t\t\t<sub class=\"period\">  \/ Monat \/ Mitarbeiter<\/sub>\n\t\t\t\t\t\t\t\t\t<\/span>\n            <\/div>\n\t\t\t            <div class=\"elementskit-pricing-content order-4\">\n\n                                                    <ul class=\"elementskit-pricing-lists\">\n                        \t\t\t\t\t\t\t<li class=\"elementor-repeater-item-7812a8f\">\n\t\t\t\t\t\t\t\t<i aria-hidden=\"true\" class=\"fas fa-check-circle\"><\/i>\t\t\t\t\t\t\t\t\n\t\t\t\t\t\t\t\tModu\u0142 wniosk\u00f3w urlopowych\t\t\t\t\t\t\t\t\n\t\t\t\t\t\t\t\t\t\t\t\t\t\t\t<\/li>\n                        \t\t\t\t\t\t\t<li class=\"elementor-repeater-item-92dd9da\">\n\t\t\t\t\t\t\t\t<i aria-hidden=\"true\" class=\"fas fa-check-circle\"><\/i>\t\t\t\t\t\t\t\t\n\t\t\t\t\t\t\t\tBezp\u0142atne konta administrator\u00f3w\t\t\t\t\t\t\t\t\n\t\t\t\t\t\t\t\t\t\t\t\t\t\t\t<\/li>\n                        \t\t\t\t\t\t\t<li class=\"elementor-repeater-item-9dea9d7\">\n\t\t\t\t\t\t\t\t<i aria-hidden=\"true\" class=\"fas fa-check-circle\"><\/i>\t\t\t\t\t\t\t\t\n\t\t\t\t\t\t\t\tBezp\u0142atne konta manager\u00f3w\t\t\t\t\t\t\t\t\n\t\t\t\t\t\t\t\t\t\t\t\t\t\t\t<\/li>\n                        \t\t\t\t\t\t\t<li class=\"elementor-repeater-item-df7ac74\">\n\t\t\t\t\t\t\t\t<i aria-hidden=\"true\" class=\"fas fa-check-circle\"><\/i>\t\t\t\t\t\t\t\t\n\t\t\t\t\t\t\t\tDost\u0119p do wszystkich modu\u0142\u00f3w\t\t\t\t\t\t\t\t\n\t\t\t\t\t\t\t\t\t\t\t\t\t\t\t<\/li>\n                                            <\/ul>\n                            <\/div>\n            <div class=\"elementskit-pricing-btn-wraper order-3\">\n\t\t\t\t<a href=\"https:\/\/app.hrappka.pl\/auth\/register\" class=\"elementskit-pricing-btn  ekit-pricing-btn-icon-pos-\" >\n\t\t\t\t\tAnmelden\t\t\t\t<\/a>\n            <\/div>\n        <\/div>\n\n    <\/div>\t\t\t\t<\/div>\n\t\t\t\t<\/div>\n\t\t\t\t<\/div>\n\t\t\t\t<\/div>\n\t\t\t\t<div class=\"elementor-element elementor-element-6bd90dd elementor-widget elementor-widget-text-editor\" data-id=\"6bd90dd\" data-element_type=\"widget\" data-e-type=\"widget\" data-settings=\"{&quot;ekit_we_effect_on&quot;:&quot;none&quot;}\" data-widget_type=\"text-editor.default\">\n\t\t\t\t<div class=\"elementor-widget-container\">\n\t\t\t\t\t\t\t\t\t<p>Bei den Preisen handelt es sich um Nettopreise. Detaillierte Informationen zu Paketen und Implementierungen finden Sie auf <span style=\"text-decoration: underline;\"><a href=\"https:\/\/hrappka.pl\/cennik\" target=\"_blank\" rel=\"noopener\">https:\/\/hrappka.pl\/cennik<\/a><\/span>.  <\/p>\t\t\t\t\t\t\t\t<\/div>\n\t\t\t\t<\/div>\n\t\t\t\t\t<\/div>\n\t\t\t\t<\/div>\n\t\t\t\t<\/div>\n\t\t\t\t<\/div>\n\t\t","protected":false},"excerpt":{"rendered":"<p>Preisliste Elastisch oferta tailliert f\u00fcr jedes Team Wir bieten skalierbare Preisoptionen, die mit den Bed\u00fcrfnissen und dem Budget Ihres Teams wachsen. \ud83d\udd25 Beliebteste \ud83d\udd25 All-HR Alle Module des HRappka-Systems PLN 135 \/ Monat \/ admin Bezp\u0142atne konta pracownicze Dost\u0119p do wszystkich modu\u0142\u00f3w Dedykowany opiekun Wsparcie 8:00 &#8211; 17:00 (pon-pt) Anmelden Arbeitszeiterfassung Komfortable Planung und Erfassung [&hellip;]<\/p>\n","protected":false},"author":1,"featured_media":0,"parent":0,"menu_order":0,"comment_status":"closed","ping_status":"closed","template":"","meta":{"footnotes":""},"class_list":["post-53237","page","type-page","status-publish","hentry"],"yoast_head":"<!-- This site is optimized with the Yoast SEO plugin v27.2 - https:\/\/yoast.com\/product\/yoast-seo-wordpress\/ -->\n<title>Preisliste &#8226; HRappka.pl<\/title>\n<meta name=\"description\" content=\"HRappka-Preisliste \u2013 ein flexibles Angebot, das auf die Bed\u00fcrfnisse Ihres Unternehmens zugeschnitten ist. Das beste Preis-Leistungs-Verh\u00e4ltnis auf dem Markt.\" \/>\n<meta name=\"robots\" content=\"index, follow, max-snippet:-1, max-image-preview:large, max-video-preview:-1\" \/>\n<link rel=\"canonical\" href=\"https:\/\/hrappka.pl\/de\/preisliste\/\" \/>\n<meta property=\"og:locale\" content=\"de_DE\" \/>\n<meta property=\"og:type\" content=\"article\" \/>\n<meta property=\"og:title\" content=\"Preisliste &#8226; HRappka.pl\" \/>\n<meta property=\"og:description\" content=\"HRappka-Preisliste \u2013 ein flexibles Angebot, das auf die Bed\u00fcrfnisse Ihres Unternehmens zugeschnitten ist. Das beste Preis-Leistungs-Verh\u00e4ltnis auf dem Markt.\" \/>\n<meta property=\"og:url\" content=\"https:\/\/hrappka.pl\/de\/preisliste\/\" \/>\n<meta property=\"og:site_name\" content=\"HRappka.pl\" \/>\n<meta property=\"article:publisher\" content=\"https:\/\/www.facebook.com\/hrappka\" \/>\n<meta property=\"article:modified_time\" content=\"2025-09-29T12:01:30+00:00\" \/>\n<meta name=\"twitter:card\" content=\"summary_large_image\" \/>\n<meta name=\"twitter:label1\" content=\"Gesch\u00e4tzte Lesezeit\" \/>\n\t<meta name=\"twitter:data1\" content=\"1\u00a0Minute\" \/>\n<!-- \/ Yoast SEO plugin. -->","yoast_head_json":{"title":"Preisliste &#8226; HRappka.pl","description":"HRappka-Preisliste \u2013 ein flexibles Angebot, das auf die Bed\u00fcrfnisse Ihres Unternehmens zugeschnitten ist. Das beste Preis-Leistungs-Verh\u00e4ltnis auf dem Markt.","robots":{"index":"index","follow":"follow","max-snippet":"max-snippet:-1","max-image-preview":"max-image-preview:large","max-video-preview":"max-video-preview:-1"},"canonical":"https:\/\/hrappka.pl\/de\/preisliste\/","og_locale":"de_DE","og_type":"article","og_title":"Preisliste &#8226; HRappka.pl","og_description":"HRappka-Preisliste \u2013 ein flexibles Angebot, das auf die Bed\u00fcrfnisse Ihres Unternehmens zugeschnitten ist. Das beste Preis-Leistungs-Verh\u00e4ltnis auf dem Markt.","og_url":"https:\/\/hrappka.pl\/de\/preisliste\/","og_site_name":"HRappka.pl","article_publisher":"https:\/\/www.facebook.com\/hrappka","article_modified_time":"2025-09-29T12:01:30+00:00","twitter_card":"summary_large_image","twitter_misc":{"Gesch\u00e4tzte Lesezeit":"1\u00a0Minute"},"schema":{"@context":"https:\/\/schema.org","@graph":[{"@type":"WebPage","@id":"https:\/\/hrappka.pl\/de\/preisliste\/","url":"https:\/\/hrappka.pl\/de\/preisliste\/","name":"Preisliste &#8226; HRappka.pl","isPartOf":{"@id":"https:\/\/hrappka.pl\/de\/#website"},"datePublished":"2025-06-30T09:35:10+00:00","dateModified":"2025-09-29T12:01:30+00:00","description":"HRappka-Preisliste \u2013 ein flexibles Angebot, das auf die Bed\u00fcrfnisse Ihres Unternehmens zugeschnitten ist. Das beste Preis-Leistungs-Verh\u00e4ltnis auf dem Markt.","breadcrumb":{"@id":"https:\/\/hrappka.pl\/de\/preisliste\/#breadcrumb"},"inLanguage":"de","potentialAction":[{"@type":"ReadAction","target":["https:\/\/hrappka.pl\/de\/preisliste\/"]}]},{"@type":"BreadcrumbList","@id":"https:\/\/hrappka.pl\/de\/preisliste\/#breadcrumb","itemListElement":[{"@type":"ListItem","position":1,"name":"Strona g\u0142\u00f3wna","item":"http:\/\/hrappka.pl\/de\/"},{"@type":"ListItem","position":2,"name":"Preisliste"}]},{"@type":"WebSite","@id":"https:\/\/hrappka.pl\/de\/#website","url":"https:\/\/hrappka.pl\/de\/","name":"HRappka.pl","description":"System HR: automatyzacja rekrutacji, kadr i p\u0142ac oraz ewidencji czasu pracy","publisher":{"@id":"https:\/\/hrappka.pl\/de\/#organization"},"alternateName":"HRappka","potentialAction":[{"@type":"SearchAction","target":{"@type":"EntryPoint","urlTemplate":"https:\/\/hrappka.pl\/de\/?s={search_term_string}"},"query-input":{"@type":"PropertyValueSpecification","valueRequired":true,"valueName":"search_term_string"}}],"inLanguage":"de"},{"@type":"Organization","@id":"https:\/\/hrappka.pl\/de\/#organization","name":"HRappka.pl","alternateName":"HRappka","url":"https:\/\/hrappka.pl\/de\/","logo":{"@type":"ImageObject","inLanguage":"de","@id":"https:\/\/hrappka.pl\/de\/#\/schema\/logo\/image\/","url":"https:\/\/hrappka.pl\/wp-content\/uploads\/2025\/07\/hrappka-logo.avif","contentUrl":"https:\/\/hrappka.pl\/wp-content\/uploads\/2025\/07\/hrappka-logo.avif","width":1200,"height":675,"caption":"HRappka.pl"},"image":{"@id":"https:\/\/hrappka.pl\/de\/#\/schema\/logo\/image\/"},"sameAs":["https:\/\/www.facebook.com\/hrappka"]}]}},"_links":{"self":[{"href":"https:\/\/hrappka.pl\/de\/wp-json\/wp\/v2\/pages\/53237","targetHints":{"allow":["GET"]}}],"collection":[{"href":"https:\/\/hrappka.pl\/de\/wp-json\/wp\/v2\/pages"}],"about":[{"href":"https:\/\/hrappka.pl\/de\/wp-json\/wp\/v2\/types\/page"}],"author":[{"embeddable":true,"href":"https:\/\/hrappka.pl\/de\/wp-json\/wp\/v2\/users\/1"}],"replies":[{"embeddable":true,"href":"https:\/\/hrappka.pl\/de\/wp-json\/wp\/v2\/comments?post=53237"}],"version-history":[{"count":7,"href":"https:\/\/hrappka.pl\/de\/wp-json\/wp\/v2\/pages\/53237\/revisions"}],"predecessor-version":[{"id":60890,"href":"https:\/\/hrappka.pl\/de\/wp-json\/wp\/v2\/pages\/53237\/revisions\/60890"}],"wp:attachment":[{"href":"https:\/\/hrappka.pl\/de\/wp-json\/wp\/v2\/media?parent=53237"}],"curies":[{"name":"wp","href":"https:\/\/api.w.org\/{rel}","templated":true}]}}