{"id":53273,"date":"2025-07-11T11:58:02","date_gmt":"2025-07-11T09:58:02","guid":{"rendered":"http:\/\/hrvision.pl\/partner\/"},"modified":"2025-09-29T16:06:48","modified_gmt":"2025-09-29T14:06:48","slug":"partner","status":"publish","type":"page","link":"https:\/\/hrappka.pl\/de\/partner\/","title":{"rendered":"Partner"},"content":{"rendered":"\t\t<div data-elementor-type=\"wp-page\" data-elementor-id=\"53273\" class=\"elementor elementor-53273 elementor-44292\">\n\t\t\t\t<div class=\"elementor-element elementor-element-c9b15da e-flex e-con-boxed e-con e-parent\" data-id=\"c9b15da\" data-element_type=\"container\" data-e-type=\"container\" data-settings=\"{&quot;background_background&quot;:&quot;classic&quot;}\">\n\t\t\t\t\t<div class=\"e-con-inner\">\n\t\t\t\t<div class=\"elementor-element elementor-element-91e4e19 elementor-widget elementor-widget-heading\" data-id=\"91e4e19\" data-element_type=\"widget\" data-e-type=\"widget\" data-settings=\"{&quot;ekit_we_effect_on&quot;:&quot;none&quot;}\" data-widget_type=\"heading.default\">\n\t\t\t\t<div class=\"elementor-widget-container\">\n\t\t\t\t\t<h1 class=\"elementor-heading-title elementor-size-default\">Partner<\/h1>\t\t\t\t<\/div>\n\t\t\t\t<\/div>\n\t\t\t\t\t<\/div>\n\t\t\t\t<\/div>\n\t\t<div class=\"elementor-element elementor-element-2844ac90 e-flex e-con-boxed e-con e-parent\" data-id=\"2844ac90\" data-element_type=\"container\" data-e-type=\"container\" data-settings=\"{&quot;background_background&quot;:&quot;classic&quot;}\">\n\t\t\t\t\t<div class=\"e-con-inner\">\n\t\t<div class=\"elementor-element elementor-element-243af2cd e-con-full e-flex e-con e-child\" data-id=\"243af2cd\" data-element_type=\"container\" data-e-type=\"container\">\n\t\t<div class=\"elementor-element elementor-element-509ff750 e-con-full e-flex e-con e-child\" data-id=\"509ff750\" data-element_type=\"container\" data-e-type=\"container\">\n\t\t\t\t<div class=\"elementor-element elementor-element-f200345 animated-fast elementor-invisible elementor-widget elementor-widget-elementskit-heading\" data-id=\"f200345\" data-element_type=\"widget\" data-e-type=\"widget\" data-settings=\"{&quot;_animation&quot;:&quot;fadeIn&quot;,&quot;ekit_we_effect_on&quot;:&quot;css&quot;}\" data-widget_type=\"elementskit-heading.default\">\n\t\t\t\t<div class=\"elementor-widget-container\">\n\t\t\t\t\t<div class=\"ekit-wid-con\" ><div class=\"ekit-heading elementskit-section-title-wraper text_left   ekit_heading_tablet-   ekit_heading_mobile-\"><h2 class=\"ekit-heading--title elementskit-section-title \"><span><span>Unsere Partner<\/span><\/span>, um uns zu helfen, bessere L\u00f6sungen zu liefern<\/h2>\t\t\t\t<div class='ekit-heading__description'>\n\t\t\t\t\t<p>Gemeinsam mit <b>unserem Partnernetzwerk<\/b> streben wir nach kontinuierlicher Verbesserung und um Ihnen L\u00f6sungen von h\u00f6chster Qualit\u00e4t zu bieten.<\/p>\n\t\t\t\t<\/div>\n\t\t\t<\/div><\/div>\t\t\t\t<\/div>\n\t\t\t\t<\/div>\n\t\t\t\t<div class=\"elementor-element elementor-element-28aa3f32 elementor-align-left animated-fast elementor-invisible elementor-widget elementor-widget-elementskit-button\" data-id=\"28aa3f32\" data-element_type=\"widget\" data-e-type=\"widget\" data-settings=\"{&quot;_animation&quot;:&quot;pulse&quot;,&quot;_animation_delay&quot;:100,&quot;ekit_we_effect_on&quot;:&quot;none&quot;}\" data-widget_type=\"elementskit-button.default\">\n\t\t\t\t<div class=\"elementor-widget-container\">\n\t\t\t\t\t<div class=\"ekit-wid-con\" >\t\t<div class=\"ekit-btn-wraper\">\n\t\t\t\t\t\t\t<a href=\"https:\/\/hrappka.pl\/kontakt\" class=\"elementskit-btn  whitespace--normal\" id=\"\">\n\t\t\t\t\tWerden Sie Partner\t\t\t\t<\/a>\n\t\t\t\t\t<\/div>\n        <\/div>\t\t\t\t<\/div>\n\t\t\t\t<\/div>\n\t\t\t\t<\/div>\n\t\t\t\t<\/div>\n\t\t<div class=\"elementor-element elementor-element-395f4cfd e-con-full e-flex e-con e-child\" data-id=\"395f4cfd\" data-element_type=\"container\" data-e-type=\"container\">\n\t\t<div class=\"elementor-element elementor-element-91070f1 e-con-full e-flex e-con e-child\" data-id=\"91070f1\" data-element_type=\"container\" data-e-type=\"container\">\n\t\t<div class=\"elementor-element elementor-element-5a40915 e-con-full animated-fast e-flex elementor-invisible e-con e-child\" data-id=\"5a40915\" data-element_type=\"container\" data-e-type=\"container\" data-settings=\"{&quot;background_background&quot;:&quot;classic&quot;,&quot;animation&quot;:&quot;fadeInUp&quot;}\">\n\t\t\t\t<div class=\"elementor-element elementor-element-34b9b29 elementor-widget__width-initial elementor-widget elementor-widget-image\" data-id=\"34b9b29\" data-element_type=\"widget\" data-e-type=\"widget\" data-settings=\"{&quot;ekit_we_effect_on&quot;:&quot;none&quot;}\" data-widget_type=\"image.default\">\n\t\t\t\t<div class=\"elementor-widget-container\">\n\t\t\t\t\t\t\t\t\t\t\t\t\t\t\t<img fetchpriority=\"high\" decoding=\"async\" width=\"336\" height=\"222\" src=\"https:\/\/hrappka.pl\/wp-content\/uploads\/2025\/07\/polskie-forum-hr.png\" class=\"attachment-large size-large wp-image-51741\" alt=\"Partner HRappka - Polskie Forum HR\" srcset=\"https:\/\/hrappka.pl\/wp-content\/uploads\/2025\/07\/polskie-forum-hr.png 336w, https:\/\/hrappka.pl\/wp-content\/uploads\/2025\/07\/polskie-forum-hr-300x198.png 300w\" sizes=\"(max-width: 336px) 100vw, 336px\" \/>\t\t\t\t\t\t\t\t\t\t\t\t\t\t\t<\/div>\n\t\t\t\t<\/div>\n\t\t\t\t<\/div>\n\t\t<div class=\"elementor-element elementor-element-dfd7284 e-con-full animated-fast e-flex elementor-invisible e-con e-child\" data-id=\"dfd7284\" data-element_type=\"container\" data-e-type=\"container\" data-settings=\"{&quot;background_background&quot;:&quot;classic&quot;,&quot;animation&quot;:&quot;fadeInUp&quot;}\">\n\t\t\t\t<div class=\"elementor-element elementor-element-bce1508 elementor-widget__width-initial elementor-widget elementor-widget-image\" data-id=\"bce1508\" data-element_type=\"widget\" data-e-type=\"widget\" data-settings=\"{&quot;ekit_we_effect_on&quot;:&quot;none&quot;}\" data-widget_type=\"image.default\">\n\t\t\t\t<div class=\"elementor-widget-container\">\n\t\t\t\t\t\t\t\t\t\t\t\t\t\t\t<img decoding=\"async\" width=\"450\" height=\"307\" src=\"https:\/\/hrappka.pl\/wp-content\/uploads\/2025\/07\/stowarzyszenie-agencji-zatrudnienia.webp\" class=\"attachment-large size-large wp-image-51733\" alt=\"Partner HRappka =\" srcset=\"https:\/\/hrappka.pl\/wp-content\/uploads\/2025\/07\/stowarzyszenie-agencji-zatrudnienia.webp 450w, https:\/\/hrappka.pl\/wp-content\/uploads\/2025\/07\/stowarzyszenie-agencji-zatrudnienia-300x205.webp 300w\" sizes=\"(max-width: 450px) 100vw, 450px\" \/>\t\t\t\t\t\t\t\t\t\t\t\t\t\t\t<\/div>\n\t\t\t\t<\/div>\n\t\t\t\t<\/div>\n\t\t<div data-wrapper-link=\"{&quot;url&quot;:&quot;https:\\\/\\\/aplikuj.pl&quot;,&quot;is_external&quot;:&quot;on&quot;,&quot;nofollow&quot;:&quot;&quot;,&quot;custom_attributes&quot;:&quot;&quot;}\" style=\"cursor: pointer\" class=\"elementor-element elementor-element-0cdcf24 e-con-full animated-fast e-flex elementor-invisible e-con e-child\" data-id=\"0cdcf24\" data-element_type=\"container\" data-e-type=\"container\" data-settings=\"{&quot;background_background&quot;:&quot;classic&quot;,&quot;animation&quot;:&quot;fadeInUp&quot;}\">\n\t\t\t\t<div class=\"elementor-element elementor-element-901b07d elementor-widget__width-initial elementor-widget elementor-widget-image\" data-id=\"901b07d\" data-element_type=\"widget\" data-e-type=\"widget\" data-settings=\"{&quot;ekit_we_effect_on&quot;:&quot;none&quot;}\" data-widget_type=\"image.default\">\n\t\t\t\t<div class=\"elementor-widget-container\">\n\t\t\t\t\t\t\t\t\t\t\t\t\t\t\t<img decoding=\"async\" width=\"381\" height=\"300\" src=\"https:\/\/hrappka.pl\/wp-content\/uploads\/2025\/07\/aplikuj.pl-logo-e1752225046633.png\" class=\"attachment-large size-large wp-image-51697\" alt=\"Partner HRappka - Aplikuj.pl\" srcset=\"https:\/\/hrappka.pl\/wp-content\/uploads\/2025\/07\/aplikuj.pl-logo-e1752225046633.png 381w, https:\/\/hrappka.pl\/wp-content\/uploads\/2025\/07\/aplikuj.pl-logo-e1752225046633-300x236.png 300w\" sizes=\"(max-width: 381px) 100vw, 381px\" \/>\t\t\t\t\t\t\t\t\t\t\t\t\t\t\t<\/div>\n\t\t\t\t<\/div>\n\t\t\t\t<\/div>\n\t\t\t\t<\/div>\n\t\t<div class=\"elementor-element elementor-element-47384fdd e-con-full e-flex e-con e-child\" data-id=\"47384fdd\" data-element_type=\"container\" data-e-type=\"container\">\n\t\t<div class=\"elementor-element elementor-element-bc2af69 e-con-full animated-fast e-flex elementor-invisible e-con e-child\" data-id=\"bc2af69\" data-element_type=\"container\" data-e-type=\"container\" data-settings=\"{&quot;background_background&quot;:&quot;classic&quot;,&quot;animation&quot;:&quot;fadeInUp&quot;,&quot;animation_delay&quot;:100}\">\n\t\t\t\t<div class=\"elementor-element elementor-element-c136216 elementor-widget__width-initial elementor-widget elementor-widget-image\" data-id=\"c136216\" data-element_type=\"widget\" data-e-type=\"widget\" data-settings=\"{&quot;ekit_we_effect_on&quot;:&quot;none&quot;}\" data-widget_type=\"image.default\">\n\t\t\t\t<div class=\"elementor-widget-container\">\n\t\t\t\t\t\t\t\t\t\t\t\t\t\t\t<img loading=\"lazy\" decoding=\"async\" width=\"398\" height=\"300\" src=\"https:\/\/hrappka.pl\/wp-content\/uploads\/2025\/07\/smsapi-e1752229920760.png\" class=\"attachment-large size-large wp-image-51661\" alt=\"Partner HRappka - SMSapi\" srcset=\"https:\/\/hrappka.pl\/wp-content\/uploads\/2025\/07\/smsapi-e1752229920760.png 398w, https:\/\/hrappka.pl\/wp-content\/uploads\/2025\/07\/smsapi-e1752229920760-300x226.png 300w\" sizes=\"(max-width: 398px) 100vw, 398px\" \/>\t\t\t\t\t\t\t\t\t\t\t\t\t\t\t<\/div>\n\t\t\t\t<\/div>\n\t\t\t\t<\/div>\n\t\t<div data-wrapper-link=\"{&quot;url&quot;:&quot;https:\\\/\\\/serwersms.pl\\\/&quot;,&quot;is_external&quot;:&quot;on&quot;,&quot;nofollow&quot;:&quot;&quot;,&quot;custom_attributes&quot;:&quot;&quot;}\" style=\"cursor: pointer\" class=\"elementor-element elementor-element-797e16c3 e-con-full animated-fast e-flex elementor-invisible e-con e-child\" data-id=\"797e16c3\" data-element_type=\"container\" data-e-type=\"container\" data-settings=\"{&quot;background_background&quot;:&quot;classic&quot;,&quot;animation&quot;:&quot;fadeInUp&quot;,&quot;animation_delay&quot;:100}\">\n\t\t\t\t<div class=\"elementor-element elementor-element-096f88b elementor-widget__width-initial elementor-widget elementor-widget-image\" data-id=\"096f88b\" data-element_type=\"widget\" data-e-type=\"widget\" data-settings=\"{&quot;ekit_we_effect_on&quot;:&quot;none&quot;}\" data-widget_type=\"image.default\">\n\t\t\t\t<div class=\"elementor-widget-container\">\n\t\t\t\t\t\t\t\t\t\t\t\t\t\t\t<img loading=\"lazy\" decoding=\"async\" width=\"381\" height=\"255\" src=\"https:\/\/hrappka.pl\/wp-content\/uploads\/2025\/07\/serwersms-e1752229935802.webp\" class=\"attachment-large size-large wp-image-51729\" alt=\"Partner HRappka - SerwerSMS\" srcset=\"https:\/\/hrappka.pl\/wp-content\/uploads\/2025\/07\/serwersms-e1752229935802.webp 381w, https:\/\/hrappka.pl\/wp-content\/uploads\/2025\/07\/serwersms-e1752229935802-300x201.webp 300w\" sizes=\"(max-width: 381px) 100vw, 381px\" \/>\t\t\t\t\t\t\t\t\t\t\t\t\t\t\t<\/div>\n\t\t\t\t<\/div>\n\t\t\t\t<\/div>\n\t\t<div class=\"elementor-element elementor-element-3c508109 e-con-full animated-fast e-flex elementor-invisible e-con e-child\" data-id=\"3c508109\" data-element_type=\"container\" data-e-type=\"container\" data-settings=\"{&quot;background_background&quot;:&quot;classic&quot;,&quot;animation&quot;:&quot;fadeInUp&quot;,&quot;animation_delay&quot;:100}\">\n\t\t\t\t<div class=\"elementor-element elementor-element-0f8cf4b elementor-widget__width-initial elementor-widget elementor-widget-image\" data-id=\"0f8cf4b\" data-element_type=\"widget\" data-e-type=\"widget\" data-settings=\"{&quot;ekit_we_effect_on&quot;:&quot;none&quot;}\" data-widget_type=\"image.default\">\n\t\t\t\t<div class=\"elementor-widget-container\">\n\t\t\t\t\t\t\t\t\t\t\t\t\t\t\t<img loading=\"lazy\" decoding=\"async\" width=\"282\" height=\"300\" src=\"https:\/\/hrappka.pl\/wp-content\/uploads\/2025\/07\/fachpraca-e1752225022619.png\" class=\"attachment-large size-large wp-image-51701\" alt=\"Partner HRappka - Fachpraca\" \/>\t\t\t\t\t\t\t\t\t\t\t\t\t\t\t<\/div>\n\t\t\t\t<\/div>\n\t\t\t\t<\/div>\n\t\t<div class=\"elementor-element elementor-element-de4088b e-con-full animated-fast e-flex elementor-invisible e-con e-child\" data-id=\"de4088b\" data-element_type=\"container\" data-e-type=\"container\" data-settings=\"{&quot;background_background&quot;:&quot;classic&quot;,&quot;animation&quot;:&quot;fadeInUp&quot;,&quot;animation_delay&quot;:100}\">\n\t\t\t\t<div class=\"elementor-element elementor-element-979d21d elementor-widget__width-initial elementor-widget elementor-widget-image\" data-id=\"979d21d\" data-element_type=\"widget\" data-e-type=\"widget\" data-settings=\"{&quot;ekit_we_effect_on&quot;:&quot;none&quot;}\" data-widget_type=\"image.default\">\n\t\t\t\t<div class=\"elementor-widget-container\">\n\t\t\t\t\t\t\t\t\t\t\t\t\t\t\t<img loading=\"lazy\" decoding=\"async\" width=\"1024\" height=\"225\" src=\"https:\/\/hrappka.pl\/wp-content\/uploads\/2025\/08\/logo-eln-kolor-1024x225.png\" class=\"attachment-large size-large wp-image-57672\" alt=\"Partner HRappka - euro-lohn\" srcset=\"https:\/\/hrappka.pl\/wp-content\/uploads\/2025\/08\/logo-eln-kolor-1024x225.png 1024w, https:\/\/hrappka.pl\/wp-content\/uploads\/2025\/08\/logo-eln-kolor-300x66.png 300w, https:\/\/hrappka.pl\/wp-content\/uploads\/2025\/08\/logo-eln-kolor-768x169.png 768w, https:\/\/hrappka.pl\/wp-content\/uploads\/2025\/08\/logo-eln-kolor-1536x338.png 1536w, https:\/\/hrappka.pl\/wp-content\/uploads\/2025\/08\/logo-eln-kolor-710x156.png 710w, https:\/\/hrappka.pl\/wp-content\/uploads\/2025\/08\/logo-eln-kolor.png 1873w\" sizes=\"(max-width: 1024px) 100vw, 1024px\" \/>\t\t\t\t\t\t\t\t\t\t\t\t\t\t\t<\/div>\n\t\t\t\t<\/div>\n\t\t\t\t<\/div>\n\t\t\t\t<\/div>\n\t\t<div class=\"elementor-element elementor-element-4294a59 e-con-full e-flex e-con e-child\" data-id=\"4294a59\" data-element_type=\"container\" data-e-type=\"container\">\n\t\t<div class=\"elementor-element elementor-element-4ab8bb3b e-con-full animated-fast e-flex elementor-invisible e-con e-child\" data-id=\"4ab8bb3b\" data-element_type=\"container\" data-e-type=\"container\" data-settings=\"{&quot;background_background&quot;:&quot;classic&quot;,&quot;animation&quot;:&quot;fadeInUp&quot;,&quot;animation_delay&quot;:200}\">\n\t\t\t\t<div class=\"elementor-element elementor-element-def4b3b elementor-widget__width-initial elementor-widget elementor-widget-image\" data-id=\"def4b3b\" data-element_type=\"widget\" data-e-type=\"widget\" data-settings=\"{&quot;ekit_we_effect_on&quot;:&quot;none&quot;}\" data-widget_type=\"image.default\">\n\t\t\t\t<div class=\"elementor-widget-container\">\n\t\t\t\t\t\t\t\t\t\t\t\t\t\t\t<img loading=\"lazy\" decoding=\"async\" width=\"256\" height=\"256\" src=\"https:\/\/hrappka.pl\/wp-content\/uploads\/2025\/07\/jooble.jpeg\" class=\"attachment-large size-large wp-image-51717\" alt=\"Partner HRappka - Jooble\" srcset=\"https:\/\/hrappka.pl\/wp-content\/uploads\/2025\/07\/jooble.jpeg 256w, https:\/\/hrappka.pl\/wp-content\/uploads\/2025\/07\/jooble-150x150.jpeg 150w\" sizes=\"(max-width: 256px) 100vw, 256px\" \/>\t\t\t\t\t\t\t\t\t\t\t\t\t\t\t<\/div>\n\t\t\t\t<\/div>\n\t\t\t\t<\/div>\n\t\t<div data-wrapper-link=\"{&quot;url&quot;:&quot;https:\\\/\\\/www.poloniusz.pl\\\/&quot;,&quot;is_external&quot;:&quot;on&quot;,&quot;nofollow&quot;:&quot;&quot;,&quot;custom_attributes&quot;:&quot;&quot;}\" style=\"cursor: pointer\" class=\"elementor-element elementor-element-4f1ca835 e-con-full animated-fast e-flex elementor-invisible e-con e-child\" data-id=\"4f1ca835\" data-element_type=\"container\" data-e-type=\"container\" data-settings=\"{&quot;background_background&quot;:&quot;classic&quot;,&quot;animation&quot;:&quot;fadeInUp&quot;,&quot;animation_delay&quot;:200}\">\n\t\t\t\t<div class=\"elementor-element elementor-element-cc41952 elementor-widget__width-initial elementor-widget elementor-widget-image\" data-id=\"cc41952\" data-element_type=\"widget\" data-e-type=\"widget\" data-settings=\"{&quot;ekit_we_effect_on&quot;:&quot;none&quot;}\" data-widget_type=\"image.default\">\n\t\t\t\t<div class=\"elementor-widget-container\">\n\t\t\t\t\t\t\t\t\t\t\t\t\t\t\t<img loading=\"lazy\" decoding=\"async\" width=\"240\" height=\"40\" src=\"https:\/\/hrappka.pl\/wp-content\/uploads\/2025\/03\/poloniusz_logo.webp\" class=\"attachment-large size-large wp-image-50605\" alt=\"Partner HRappka - Poloniusz.pl\" \/>\t\t\t\t\t\t\t\t\t\t\t\t\t\t\t<\/div>\n\t\t\t\t<\/div>\n\t\t\t\t<\/div>\n\t\t<div data-wrapper-link=\"{&quot;url&quot;:&quot;https:\\\/\\\/www.poloniusz.pl\\\/&quot;,&quot;is_external&quot;:&quot;on&quot;,&quot;nofollow&quot;:&quot;&quot;,&quot;custom_attributes&quot;:&quot;&quot;}\" style=\"cursor: pointer\" class=\"elementor-element elementor-element-e4e74d5 e-con-full animated-fast e-flex elementor-invisible e-con e-child\" data-id=\"e4e74d5\" data-element_type=\"container\" data-e-type=\"container\" data-settings=\"{&quot;background_background&quot;:&quot;classic&quot;,&quot;animation&quot;:&quot;fadeInUp&quot;,&quot;animation_delay&quot;:200}\">\n\t\t\t\t<div class=\"elementor-element elementor-element-a3c5db4 elementor-widget__width-initial elementor-widget elementor-widget-image\" data-id=\"a3c5db4\" data-element_type=\"widget\" data-e-type=\"widget\" data-settings=\"{&quot;ekit_we_effect_on&quot;:&quot;none&quot;}\" data-widget_type=\"image.default\">\n\t\t\t\t<div class=\"elementor-widget-container\">\n\t\t\t\t\t\t\t\t\t\t\t\t\t\t\t<img loading=\"lazy\" decoding=\"async\" width=\"398\" height=\"162\" src=\"https:\/\/hrappka.pl\/wp-content\/uploads\/2025\/07\/uniwersytet-ekonomiczny-w-poznaniu.png\" class=\"attachment-large size-large wp-image-51769\" alt=\"Partner HRappka -\" srcset=\"https:\/\/hrappka.pl\/wp-content\/uploads\/2025\/07\/uniwersytet-ekonomiczny-w-poznaniu.png 398w, https:\/\/hrappka.pl\/wp-content\/uploads\/2025\/07\/uniwersytet-ekonomiczny-w-poznaniu-300x122.png 300w\" sizes=\"(max-width: 398px) 100vw, 398px\" \/>\t\t\t\t\t\t\t\t\t\t\t\t\t\t\t<\/div>\n\t\t\t\t<\/div>\n\t\t\t\t<\/div>\n\t\t\t\t<\/div>\n\t\t\t\t<\/div>\n\t\t\t\t\t<\/div>\n\t\t\t\t<\/div>\n\t\t\t\t<\/div>\n\t\t","protected":false},"excerpt":{"rendered":"<p>Partner Unsere Partner, um uns zu helfen, bessere L\u00f6sungen zu liefern Gemeinsam mit unserem Partnernetzwerk streben wir nach kontinuierlicher Verbesserung und um Ihnen L\u00f6sungen von h\u00f6chster Qualit\u00e4t zu bieten. Werden Sie Partner<\/p>\n","protected":false},"author":1,"featured_media":0,"parent":0,"menu_order":0,"comment_status":"closed","ping_status":"closed","template":"","meta":{"footnotes":""},"class_list":["post-53273","page","type-page","status-publish","hentry"],"yoast_head":"<!-- This site is optimized with the Yoast SEO plugin v27.2 - https:\/\/yoast.com\/product\/yoast-seo-wordpress\/ -->\n<title>Partner &#8226; HRappka.pl<\/title>\n<meta name=\"description\" content=\"Lernen Sie die Partner von HRappka kennen \u2013 dank unserer Zusammenarbeit liefern wir immer bessere L\u00f6sungen und HR-Systeme von h\u00f6chster Qualit\u00e4t.\" \/>\n<meta name=\"robots\" content=\"index, follow, max-snippet:-1, max-image-preview:large, max-video-preview:-1\" \/>\n<link rel=\"canonical\" href=\"https:\/\/hrappka.pl\/de\/partner\/\" \/>\n<meta property=\"og:locale\" content=\"de_DE\" \/>\n<meta property=\"og:type\" content=\"article\" \/>\n<meta property=\"og:title\" content=\"Partner &#8226; HRappka.pl\" \/>\n<meta property=\"og:description\" content=\"Lernen Sie die Partner von HRappka kennen \u2013 dank unserer Zusammenarbeit liefern wir immer bessere L\u00f6sungen und HR-Systeme von h\u00f6chster Qualit\u00e4t.\" \/>\n<meta property=\"og:url\" content=\"https:\/\/hrappka.pl\/de\/partner\/\" \/>\n<meta property=\"og:site_name\" content=\"HRappka.pl\" \/>\n<meta property=\"article:publisher\" content=\"https:\/\/www.facebook.com\/hrappka\" \/>\n<meta property=\"article:modified_time\" content=\"2025-09-29T14:06:48+00:00\" \/>\n<meta property=\"og:image\" content=\"https:\/\/hrappka.pl\/wp-content\/uploads\/2025\/07\/polskie-forum-hr.png\" \/>\n<meta name=\"twitter:card\" content=\"summary_large_image\" \/>\n<meta name=\"twitter:label1\" content=\"Gesch\u00e4tzte Lesezeit\" \/>\n\t<meta name=\"twitter:data1\" content=\"3\u00a0Minuten\" \/>\n<!-- \/ Yoast SEO plugin. -->","yoast_head_json":{"title":"Partner &#8226; HRappka.pl","description":"Lernen Sie die Partner von HRappka kennen \u2013 dank unserer Zusammenarbeit liefern wir immer bessere L\u00f6sungen und HR-Systeme von h\u00f6chster Qualit\u00e4t.","robots":{"index":"index","follow":"follow","max-snippet":"max-snippet:-1","max-image-preview":"max-image-preview:large","max-video-preview":"max-video-preview:-1"},"canonical":"https:\/\/hrappka.pl\/de\/partner\/","og_locale":"de_DE","og_type":"article","og_title":"Partner &#8226; HRappka.pl","og_description":"Lernen Sie die Partner von HRappka kennen \u2013 dank unserer Zusammenarbeit liefern wir immer bessere L\u00f6sungen und HR-Systeme von h\u00f6chster Qualit\u00e4t.","og_url":"https:\/\/hrappka.pl\/de\/partner\/","og_site_name":"HRappka.pl","article_publisher":"https:\/\/www.facebook.com\/hrappka","article_modified_time":"2025-09-29T14:06:48+00:00","og_image":[{"url":"https:\/\/hrappka.pl\/wp-content\/uploads\/2025\/07\/polskie-forum-hr.png","type":"","width":"","height":""}],"twitter_card":"summary_large_image","twitter_misc":{"Gesch\u00e4tzte Lesezeit":"3\u00a0Minuten"},"schema":{"@context":"https:\/\/schema.org","@graph":[{"@type":"WebPage","@id":"https:\/\/hrappka.pl\/de\/partner\/","url":"https:\/\/hrappka.pl\/de\/partner\/","name":"Partner &#8226; HRappka.pl","isPartOf":{"@id":"https:\/\/hrappka.pl\/de\/#website"},"primaryImageOfPage":{"@id":"https:\/\/hrappka.pl\/de\/partner\/#primaryimage"},"image":{"@id":"https:\/\/hrappka.pl\/de\/partner\/#primaryimage"},"thumbnailUrl":"https:\/\/hrappka.pl\/wp-content\/uploads\/2025\/07\/polskie-forum-hr.png","datePublished":"2025-07-11T09:58:02+00:00","dateModified":"2025-09-29T14:06:48+00:00","description":"Lernen Sie die Partner von HRappka kennen \u2013 dank unserer Zusammenarbeit liefern wir immer bessere L\u00f6sungen und HR-Systeme von h\u00f6chster Qualit\u00e4t.","breadcrumb":{"@id":"https:\/\/hrappka.pl\/de\/partner\/#breadcrumb"},"inLanguage":"de","potentialAction":[{"@type":"ReadAction","target":["https:\/\/hrappka.pl\/de\/partner\/"]}]},{"@type":"ImageObject","inLanguage":"de","@id":"https:\/\/hrappka.pl\/de\/partner\/#primaryimage","url":"https:\/\/hrappka.pl\/wp-content\/uploads\/2025\/07\/polskie-forum-hr.png","contentUrl":"https:\/\/hrappka.pl\/wp-content\/uploads\/2025\/07\/polskie-forum-hr.png"},{"@type":"BreadcrumbList","@id":"https:\/\/hrappka.pl\/de\/partner\/#breadcrumb","itemListElement":[{"@type":"ListItem","position":1,"name":"Strona g\u0142\u00f3wna","item":"http:\/\/hrappka.pl\/de\/"},{"@type":"ListItem","position":2,"name":"Partner"}]},{"@type":"WebSite","@id":"https:\/\/hrappka.pl\/de\/#website","url":"https:\/\/hrappka.pl\/de\/","name":"HRappka.pl","description":"System HR: automatyzacja rekrutacji, kadr i p\u0142ac oraz ewidencji czasu pracy","publisher":{"@id":"https:\/\/hrappka.pl\/de\/#organization"},"alternateName":"HRappka","potentialAction":[{"@type":"SearchAction","target":{"@type":"EntryPoint","urlTemplate":"https:\/\/hrappka.pl\/de\/?s={search_term_string}"},"query-input":{"@type":"PropertyValueSpecification","valueRequired":true,"valueName":"search_term_string"}}],"inLanguage":"de"},{"@type":"Organization","@id":"https:\/\/hrappka.pl\/de\/#organization","name":"HRappka.pl","alternateName":"HRappka","url":"https:\/\/hrappka.pl\/de\/","logo":{"@type":"ImageObject","inLanguage":"de","@id":"https:\/\/hrappka.pl\/de\/#\/schema\/logo\/image\/","url":"https:\/\/hrappka.pl\/wp-content\/uploads\/2025\/07\/hrappka-logo.avif","contentUrl":"https:\/\/hrappka.pl\/wp-content\/uploads\/2025\/07\/hrappka-logo.avif","width":1200,"height":675,"caption":"HRappka.pl"},"image":{"@id":"https:\/\/hrappka.pl\/de\/#\/schema\/logo\/image\/"},"sameAs":["https:\/\/www.facebook.com\/hrappka"]}]}},"_links":{"self":[{"href":"https:\/\/hrappka.pl\/de\/wp-json\/wp\/v2\/pages\/53273","targetHints":{"allow":["GET"]}}],"collection":[{"href":"https:\/\/hrappka.pl\/de\/wp-json\/wp\/v2\/pages"}],"about":[{"href":"https:\/\/hrappka.pl\/de\/wp-json\/wp\/v2\/types\/page"}],"author":[{"embeddable":true,"href":"https:\/\/hrappka.pl\/de\/wp-json\/wp\/v2\/users\/1"}],"replies":[{"embeddable":true,"href":"https:\/\/hrappka.pl\/de\/wp-json\/wp\/v2\/comments?post=53273"}],"version-history":[{"count":12,"href":"https:\/\/hrappka.pl\/de\/wp-json\/wp\/v2\/pages\/53273\/revisions"}],"predecessor-version":[{"id":60977,"href":"https:\/\/hrappka.pl\/de\/wp-json\/wp\/v2\/pages\/53273\/revisions\/60977"}],"wp:attachment":[{"href":"https:\/\/hrappka.pl\/de\/wp-json\/wp\/v2\/media?parent=53273"}],"curies":[{"name":"wp","href":"https:\/\/api.w.org\/{rel}","templated":true}]}}