{"id":53281,"date":"2025-07-11T12:48:23","date_gmt":"2025-07-11T10:48:23","guid":{"rendered":"http:\/\/hrvision.pl\/ueber-uns\/"},"modified":"2025-09-29T11:32:12","modified_gmt":"2025-09-29T09:32:12","slug":"ueber-uns","status":"publish","type":"page","link":"https:\/\/hrappka.pl\/de\/ueber-uns\/","title":{"rendered":"\u00dcber uns"},"content":{"rendered":"\t\t<div data-elementor-type=\"wp-page\" data-elementor-id=\"53281\" class=\"elementor elementor-53281 elementor-44365\">\n\t\t\t\t<div class=\"elementor-element elementor-element-50763725 e-flex e-con-boxed e-con e-parent\" data-id=\"50763725\" data-element_type=\"container\" data-e-type=\"container\" data-settings=\"{&quot;background_background&quot;:&quot;classic&quot;}\">\n\t\t\t\t\t<div class=\"e-con-inner\">\n\t\t<div class=\"elementor-element elementor-element-42215dd3 e-con-full e-flex e-con e-child\" data-id=\"42215dd3\" data-element_type=\"container\" data-e-type=\"container\">\n\t\t<div class=\"elementor-element elementor-element-481136bf e-con-full e-flex e-con e-child\" data-id=\"481136bf\" data-element_type=\"container\" data-e-type=\"container\">\n\t\t\t\t<div class=\"elementor-element elementor-element-7b4ce174 animated-fast elementor-invisible elementor-widget elementor-widget-elementskit-heading\" data-id=\"7b4ce174\" data-element_type=\"widget\" data-e-type=\"widget\" data-settings=\"{&quot;_animation&quot;:&quot;fadeIn&quot;,&quot;ekit_we_effect_on&quot;:&quot;none&quot;}\" data-widget_type=\"elementskit-heading.default\">\n\t\t\t\t<div class=\"elementor-widget-container\">\n\t\t\t\t\t<div class=\"ekit-wid-con\" ><div class=\"ekit-heading elementskit-section-title-wraper text_left   ekit_heading_tablet-   ekit_heading_mobile-\"><h1 class=\"ekit-heading--title elementskit-section-title \">Das Team von HRappka.pl<\/h1><\/div><\/div>\t\t\t\t<\/div>\n\t\t\t\t<\/div>\n\t\t\t\t<div class=\"elementor-element elementor-element-d221980 animated-fast elementor-invisible elementor-widget elementor-widget-elementskit-heading\" data-id=\"d221980\" data-element_type=\"widget\" data-e-type=\"widget\" data-settings=\"{&quot;_animation&quot;:&quot;fadeIn&quot;,&quot;ekit_we_effect_on&quot;:&quot;none&quot;}\" data-widget_type=\"elementskit-heading.default\">\n\t\t\t\t<div class=\"elementor-widget-container\">\n\t\t\t\t\t<div class=\"ekit-wid-con\" ><div class=\"ekit-heading elementskit-section-title-wraper text_left   ekit_heading_tablet-   ekit_heading_mobile-\"><h2 class=\"ekit-heading--title elementskit-section-title \">Seit 10 Jahren unterst\u00fctzen wir Unternehmen bei der <span><span>Automatisierung<\/span><\/span> von HR-Prozessen<\/h2>\t\t\t\t<div class='ekit-heading__description'>\n\t\t\t\t\t<div class=\"kc-elm kc-css-344298 page-title-box\">\n<div class=\"desc\">HRapp besteht aus ambitionierten Menschen mit Leidenschaft und gro\u00dfem Engagement. Unser Team besteht derzeit aus 28 Personen, und diese Zahl w\u00e4chst weiter. Wir glauben, dass jeder Mensch in unserer Gruppe eine wichtige Rolle bei der Entwicklung des Produkts und des Unternehmens spielt. In unserer t\u00e4glichen Arbeit sind wir unabh\u00e4ngig, aber wir arbeiten als Team. Und vor allem - wir m\u00f6gen uns \ud83d\ude42    <\/div>\n<\/div>\n\t\t\t\t<\/div>\n\t\t\t<\/div><\/div>\t\t\t\t<\/div>\n\t\t\t\t<\/div>\n\t\t<div class=\"elementor-element elementor-element-34a90118 e-con-full e-flex e-con e-child\" data-id=\"34a90118\" data-element_type=\"container\" data-e-type=\"container\">\n\t\t\t\t<div class=\"elementor-element elementor-element-4615048c animated-fast elementor-invisible elementor-widget elementor-widget-elementskit-funfact\" data-id=\"4615048c\" data-element_type=\"widget\" data-e-type=\"widget\" data-settings=\"{&quot;_animation&quot;:&quot;fadeInUp&quot;,&quot;_animation_delay&quot;:200,&quot;ekit_we_effect_on&quot;:&quot;none&quot;}\" data-widget_type=\"elementskit-funfact.default\">\n\t\t\t\t<div class=\"elementor-widget-container\">\n\t\t\t\t\t<div class=\"ekit-wid-con\" >\n\t\t<div class=\"elementskit-funfact text-left     \">\n\t\t\t\n\t\t\t<div class=\"elementskit-funfact-inner position_top\">\n\t\t\t\t\t\t\t\t\t<div class=\"funfact-icon\">\n\t\t\t\t\t\t\t\t\t\t\t<\/div>\n\t\t\t\t\n\t\t\t\t<div class=\"funfact-content\">\n\t\t\t\t\t<div class=\"number-percentage-wraper\">\n\t\t\t\t\t\t\t\t\t\t\t\t<span class=\"number-percentage\"\n\t\t\t\t\t\t      data-value=\"10\"\n\t\t\t\t\t\t      data-animation-duration=\"1000\"\n\t\t\t\t\t\t\t  data-style=\"static\">0<\/span>\n\t\t\t\t\t\t\t\t\t\t\t\t\t\t\t\t\t<\/div>\n\n\t\t\t\t\t<p class=\"funfact-title\">Jahre Erfahrung<\/p>\t\t\t\t\t\t\t\t<\/div>\n\t\t<\/div>\n\t\t<\/div>\n\n\n\t\t<\/div>\t\t\t\t<\/div>\n\t\t\t\t<\/div>\n\t\t\t\t<div class=\"elementor-element elementor-element-30c2c254 animated-fast elementor-invisible elementor-widget elementor-widget-elementskit-funfact\" data-id=\"30c2c254\" data-element_type=\"widget\" data-e-type=\"widget\" data-settings=\"{&quot;_animation&quot;:&quot;fadeInUp&quot;,&quot;_animation_delay&quot;:150,&quot;ekit_we_effect_on&quot;:&quot;none&quot;}\" data-widget_type=\"elementskit-funfact.default\">\n\t\t\t\t<div class=\"elementor-widget-container\">\n\t\t\t\t\t<div class=\"ekit-wid-con\" >\n\t\t<div class=\"elementskit-funfact text-left     \">\n\t\t\t\n\t\t\t<div class=\"elementskit-funfact-inner position_top\">\n\t\t\t\t\t\t\t\t\t<div class=\"funfact-icon\">\n\t\t\t\t\t\t\t\t\t\t\t<\/div>\n\t\t\t\t\n\t\t\t\t<div class=\"funfact-content\">\n\t\t\t\t\t<div class=\"number-percentage-wraper\">\n\t\t\t\t\t\t\t\t\t\t\t\t<span class=\"number-percentage\"\n\t\t\t\t\t\t      data-value=\"28\"\n\t\t\t\t\t\t      data-animation-duration=\"1000\"\n\t\t\t\t\t\t\t  data-style=\"static\">0<\/span>\n\t\t\t\t\t\t\t\t\t\t\t\t\t\t\t\t\t<\/div>\n\n\t\t\t\t\t<p class=\"funfact-title\">Mitarbeiter<\/p>\t\t\t\t\t\t\t\t<\/div>\n\t\t<\/div>\n\t\t<\/div>\n\n\n\t\t<\/div>\t\t\t\t<\/div>\n\t\t\t\t<\/div>\n\t\t\t\t<div class=\"elementor-element elementor-element-3d418bc3 animated-fast elementor-invisible elementor-widget elementor-widget-elementskit-funfact\" data-id=\"3d418bc3\" data-element_type=\"widget\" data-e-type=\"widget\" data-settings=\"{&quot;_animation&quot;:&quot;fadeInUp&quot;,&quot;_animation_delay&quot;:100,&quot;ekit_we_effect_on&quot;:&quot;none&quot;}\" data-widget_type=\"elementskit-funfact.default\">\n\t\t\t\t<div class=\"elementor-widget-container\">\n\t\t\t\t\t<div class=\"ekit-wid-con\" >\n\t\t<div class=\"elementskit-funfact text-left     \">\n\t\t\t\n\t\t\t<div class=\"elementskit-funfact-inner position_top\">\n\t\t\t\t\t\t\t\t\t<div class=\"funfact-icon\">\n\t\t\t\t\t\t\t\t\t\t\t<\/div>\n\t\t\t\t\n\t\t\t\t<div class=\"funfact-content\">\n\t\t\t\t\t<div class=\"number-percentage-wraper\">\n\t\t\t\t\t\t\t\t\t\t\t\t<span class=\"number-percentage\"\n\t\t\t\t\t\t      data-value=\"560\"\n\t\t\t\t\t\t      data-animation-duration=\"1000\"\n\t\t\t\t\t\t\t  data-style=\"static\">0<\/span>\n\t\t\t\t\t\t+\t\t\t\t\t\t\t\t\t\t\t<\/div>\n\n\t\t\t\t\t<p class=\"funfact-title\">Zufriedene Kunden<\/p>\t\t\t\t\t\t\t\t<\/div>\n\t\t<\/div>\n\t\t<\/div>\n\n\n\t\t<\/div>\t\t\t\t<\/div>\n\t\t\t\t<\/div>\n\t\t\t\t<\/div>\n\t\t\t\t<\/div>\n\t\t<div class=\"elementor-element elementor-element-59d3d782 e-con-full e-flex e-con e-child\" data-id=\"59d3d782\" data-element_type=\"container\" data-e-type=\"container\">\n\t\t\t\t<div class=\"elementor-element elementor-element-64691a7e elementor-widget elementor-widget-image\" data-id=\"64691a7e\" data-element_type=\"widget\" data-e-type=\"widget\" data-settings=\"{&quot;ekit_we_effect_on&quot;:&quot;none&quot;}\" data-widget_type=\"image.default\">\n\t\t\t\t<div class=\"elementor-widget-container\">\n\t\t\t\t\t\t\t\t\t\t\t\t\t\t\t<img fetchpriority=\"high\" decoding=\"async\" width=\"2039\" height=\"2048\" src=\"https:\/\/hrappka.pl\/wp-content\/uploads\/2025\/07\/zespol-hrappka.jpg\" class=\"attachment-full size-full wp-image-52697\" alt=\"Zesp\u00f3\u0142 Hrappka.pl\" srcset=\"https:\/\/hrappka.pl\/wp-content\/uploads\/2025\/07\/zespol-hrappka.jpg 2039w, https:\/\/hrappka.pl\/wp-content\/uploads\/2025\/07\/zespol-hrappka-300x300.jpg 300w, https:\/\/hrappka.pl\/wp-content\/uploads\/2025\/07\/zespol-hrappka-1020x1024.jpg 1020w, https:\/\/hrappka.pl\/wp-content\/uploads\/2025\/07\/zespol-hrappka-150x150.jpg 150w, https:\/\/hrappka.pl\/wp-content\/uploads\/2025\/07\/zespol-hrappka-768x771.jpg 768w, https:\/\/hrappka.pl\/wp-content\/uploads\/2025\/07\/zespol-hrappka-1529x1536.jpg 1529w, https:\/\/hrappka.pl\/wp-content\/uploads\/2025\/07\/zespol-hrappka-710x713.jpg 710w\" sizes=\"(max-width: 2039px) 100vw, 2039px\" \/>\t\t\t\t\t\t\t\t\t\t\t\t\t\t\t<\/div>\n\t\t\t\t<\/div>\n\t\t\t\t<\/div>\n\t\t\t\t<\/div>\n\t\t\t\t\t<\/div>\n\t\t\t\t<\/div>\n\t\t\t\t<\/div>\n\t\t","protected":false},"excerpt":{"rendered":"<p>Das Team von HRappka.pl Seit 10 Jahren unterst\u00fctzen wir Unternehmen bei der Automatisierung von HR-Prozessen HRapp besteht aus ambitionierten Menschen mit Leidenschaft und gro\u00dfem Engagement. Unser Team besteht derzeit aus 28 Personen, und diese Zahl w\u00e4chst weiter. Wir glauben, dass jeder Mensch in unserer Gruppe eine wichtige Rolle bei der Entwicklung des Produkts und des [&hellip;]<\/p>\n","protected":false},"author":1,"featured_media":0,"parent":0,"menu_order":0,"comment_status":"closed","ping_status":"closed","template":"","meta":{"footnotes":""},"class_list":["post-53281","page","type-page","status-publish","hentry"],"yoast_head":"<!-- This site is optimized with the Yoast SEO plugin v27.2 - https:\/\/yoast.com\/product\/yoast-seo-wordpress\/ -->\n<title>\u00dcber uns &#8226; HRappka.pl<\/title>\n<meta name=\"description\" content=\"\u00dcber uns \u2013 HRappka ist ein Team ambitionierter Menschen mit Leidenschaft, die mit Engagement innovative HR-L\u00f6sungen entwickeln.\" \/>\n<meta name=\"robots\" content=\"index, follow, max-snippet:-1, max-image-preview:large, max-video-preview:-1\" \/>\n<link rel=\"canonical\" href=\"https:\/\/hrappka.pl\/de\/ueber-uns\/\" \/>\n<meta property=\"og:locale\" content=\"de_DE\" \/>\n<meta property=\"og:type\" content=\"article\" \/>\n<meta property=\"og:title\" content=\"\u00dcber uns &#8226; HRappka.pl\" \/>\n<meta property=\"og:description\" content=\"\u00dcber uns \u2013 HRappka ist ein Team ambitionierter Menschen mit Leidenschaft, die mit Engagement innovative HR-L\u00f6sungen entwickeln.\" \/>\n<meta property=\"og:url\" content=\"https:\/\/hrappka.pl\/de\/ueber-uns\/\" \/>\n<meta property=\"og:site_name\" content=\"HRappka.pl\" \/>\n<meta property=\"article:publisher\" content=\"https:\/\/www.facebook.com\/hrappka\" \/>\n<meta property=\"article:modified_time\" content=\"2025-09-29T09:32:12+00:00\" \/>\n<meta property=\"og:image\" content=\"https:\/\/hrappka.pl\/wp-content\/uploads\/2025\/07\/zespol-hrappka.jpg\" \/>\n<meta name=\"twitter:card\" content=\"summary_large_image\" \/>\n<meta name=\"twitter:label1\" content=\"Gesch\u00e4tzte Lesezeit\" \/>\n\t<meta name=\"twitter:data1\" content=\"1\u00a0Minute\" \/>\n<!-- \/ Yoast SEO plugin. -->","yoast_head_json":{"title":"\u00dcber uns &#8226; HRappka.pl","description":"\u00dcber uns \u2013 HRappka ist ein Team ambitionierter Menschen mit Leidenschaft, die mit Engagement innovative HR-L\u00f6sungen entwickeln.","robots":{"index":"index","follow":"follow","max-snippet":"max-snippet:-1","max-image-preview":"max-image-preview:large","max-video-preview":"max-video-preview:-1"},"canonical":"https:\/\/hrappka.pl\/de\/ueber-uns\/","og_locale":"de_DE","og_type":"article","og_title":"\u00dcber uns &#8226; HRappka.pl","og_description":"\u00dcber uns \u2013 HRappka ist ein Team ambitionierter Menschen mit Leidenschaft, die mit Engagement innovative HR-L\u00f6sungen entwickeln.","og_url":"https:\/\/hrappka.pl\/de\/ueber-uns\/","og_site_name":"HRappka.pl","article_publisher":"https:\/\/www.facebook.com\/hrappka","article_modified_time":"2025-09-29T09:32:12+00:00","og_image":[{"url":"https:\/\/hrappka.pl\/wp-content\/uploads\/2025\/07\/zespol-hrappka.jpg","type":"","width":"","height":""}],"twitter_card":"summary_large_image","twitter_misc":{"Gesch\u00e4tzte Lesezeit":"1\u00a0Minute"},"schema":{"@context":"https:\/\/schema.org","@graph":[{"@type":"WebPage","@id":"https:\/\/hrappka.pl\/de\/ueber-uns\/","url":"https:\/\/hrappka.pl\/de\/ueber-uns\/","name":"\u00dcber uns &#8226; HRappka.pl","isPartOf":{"@id":"https:\/\/hrappka.pl\/de\/#website"},"primaryImageOfPage":{"@id":"https:\/\/hrappka.pl\/de\/ueber-uns\/#primaryimage"},"image":{"@id":"https:\/\/hrappka.pl\/de\/ueber-uns\/#primaryimage"},"thumbnailUrl":"https:\/\/hrappka.pl\/wp-content\/uploads\/2025\/07\/zespol-hrappka.jpg","datePublished":"2025-07-11T10:48:23+00:00","dateModified":"2025-09-29T09:32:12+00:00","description":"\u00dcber uns \u2013 HRappka ist ein Team ambitionierter Menschen mit Leidenschaft, die mit Engagement innovative HR-L\u00f6sungen entwickeln.","breadcrumb":{"@id":"https:\/\/hrappka.pl\/de\/ueber-uns\/#breadcrumb"},"inLanguage":"de","potentialAction":[{"@type":"ReadAction","target":["https:\/\/hrappka.pl\/de\/ueber-uns\/"]}]},{"@type":"ImageObject","inLanguage":"de","@id":"https:\/\/hrappka.pl\/de\/ueber-uns\/#primaryimage","url":"https:\/\/hrappka.pl\/wp-content\/uploads\/2025\/07\/zespol-hrappka.jpg","contentUrl":"https:\/\/hrappka.pl\/wp-content\/uploads\/2025\/07\/zespol-hrappka.jpg"},{"@type":"BreadcrumbList","@id":"https:\/\/hrappka.pl\/de\/ueber-uns\/#breadcrumb","itemListElement":[{"@type":"ListItem","position":1,"name":"Strona g\u0142\u00f3wna","item":"http:\/\/hrappka.pl\/de\/"},{"@type":"ListItem","position":2,"name":"\u00dcber uns"}]},{"@type":"WebSite","@id":"https:\/\/hrappka.pl\/de\/#website","url":"https:\/\/hrappka.pl\/de\/","name":"HRappka.pl","description":"System HR: automatyzacja rekrutacji, kadr i p\u0142ac oraz ewidencji czasu pracy","publisher":{"@id":"https:\/\/hrappka.pl\/de\/#organization"},"alternateName":"HRappka","potentialAction":[{"@type":"SearchAction","target":{"@type":"EntryPoint","urlTemplate":"https:\/\/hrappka.pl\/de\/?s={search_term_string}"},"query-input":{"@type":"PropertyValueSpecification","valueRequired":true,"valueName":"search_term_string"}}],"inLanguage":"de"},{"@type":"Organization","@id":"https:\/\/hrappka.pl\/de\/#organization","name":"HRappka.pl","alternateName":"HRappka","url":"https:\/\/hrappka.pl\/de\/","logo":{"@type":"ImageObject","inLanguage":"de","@id":"https:\/\/hrappka.pl\/de\/#\/schema\/logo\/image\/","url":"https:\/\/hrappka.pl\/wp-content\/uploads\/2025\/07\/hrappka-logo.avif","contentUrl":"https:\/\/hrappka.pl\/wp-content\/uploads\/2025\/07\/hrappka-logo.avif","width":1200,"height":675,"caption":"HRappka.pl"},"image":{"@id":"https:\/\/hrappka.pl\/de\/#\/schema\/logo\/image\/"},"sameAs":["https:\/\/www.facebook.com\/hrappka"]}]}},"_links":{"self":[{"href":"https:\/\/hrappka.pl\/de\/wp-json\/wp\/v2\/pages\/53281","targetHints":{"allow":["GET"]}}],"collection":[{"href":"https:\/\/hrappka.pl\/de\/wp-json\/wp\/v2\/pages"}],"about":[{"href":"https:\/\/hrappka.pl\/de\/wp-json\/wp\/v2\/types\/page"}],"author":[{"embeddable":true,"href":"https:\/\/hrappka.pl\/de\/wp-json\/wp\/v2\/users\/1"}],"replies":[{"embeddable":true,"href":"https:\/\/hrappka.pl\/de\/wp-json\/wp\/v2\/comments?post=53281"}],"version-history":[{"count":7,"href":"https:\/\/hrappka.pl\/de\/wp-json\/wp\/v2\/pages\/53281\/revisions"}],"predecessor-version":[{"id":60784,"href":"https:\/\/hrappka.pl\/de\/wp-json\/wp\/v2\/pages\/53281\/revisions\/60784"}],"wp:attachment":[{"href":"https:\/\/hrappka.pl\/de\/wp-json\/wp\/v2\/media?parent=53281"}],"curies":[{"name":"wp","href":"https:\/\/api.w.org\/{rel}","templated":true}]}}