{"id":53318,"date":"2025-07-18T12:06:57","date_gmt":"2025-07-18T10:06:57","guid":{"rendered":"http:\/\/hrvision.pl\/sicherheit\/"},"modified":"2025-09-29T15:10:19","modified_gmt":"2025-09-29T13:10:19","slug":"sicherheit","status":"publish","type":"page","link":"https:\/\/hrappka.pl\/de\/sicherheit\/","title":{"rendered":"Sicherheit"},"content":{"rendered":"\t\t<div data-elementor-type=\"wp-page\" data-elementor-id=\"53318\" class=\"elementor elementor-53318 elementor-48684\">\n\t\t\t\t<div class=\"elementor-element elementor-element-6b5d4ecb e-flex e-con-boxed e-con e-parent\" data-id=\"6b5d4ecb\" data-element_type=\"container\" data-e-type=\"container\">\n\t\t\t\t\t<div class=\"e-con-inner\">\n\t\t<div class=\"elementor-element elementor-element-711105f4 e-con-full sticky-container e-flex e-con e-child\" data-id=\"711105f4\" data-element_type=\"container\" data-e-type=\"container\">\n\t\t<div class=\"elementor-element elementor-element-569d1a60 e-con-full animated-fast e-flex elementor-invisible e-con e-child\" data-id=\"569d1a60\" data-element_type=\"container\" data-e-type=\"container\" data-settings=\"{&quot;animation&quot;:&quot;fadeInUp&quot;,&quot;animation_delay&quot;:100}\">\n\t\t\t\t<div class=\"elementor-element elementor-element-a5aa1a5 animated-fast elementor-invisible elementor-widget elementor-widget-elementskit-heading\" data-id=\"a5aa1a5\" data-element_type=\"widget\" data-e-type=\"widget\" data-settings=\"{&quot;ekit_we_effect_on&quot;:&quot;css&quot;,&quot;_animation&quot;:&quot;fadeIn&quot;,&quot;_animation_delay&quot;:100}\" data-widget_type=\"elementskit-heading.default\">\n\t\t\t\t<div class=\"elementor-widget-container\">\n\t\t\t\t\t<div class=\"ekit-wid-con\" ><div class=\"ekit-heading elementskit-section-title-wraper text_left   ekit_heading_tablet-   ekit_heading_mobile-text_left\"><h1 class=\"ekit-heading--title elementskit-section-title \"><span><span>Sicherheit<\/span><\/span> des HRappka.pl Systems<\/h1>\t\t\t\t<div class='ekit-heading__description'>\n\t\t\t\t\t<p>Pr\u00fcfen Sie, wie wir Ihre Daten im HRappka-System sichern.<\/p>\n\t\t\t\t<\/div>\n\t\t\t<\/div><\/div>\t\t\t\t<\/div>\n\t\t\t\t<\/div>\n\t\t\t\t<div class=\"elementor-element elementor-element-352df7e4 elementor-align-left elementor-widget__width-auto animated-fast elementor-invisible elementor-widget elementor-widget-elementskit-button\" data-id=\"352df7e4\" data-element_type=\"widget\" data-e-type=\"widget\" data-settings=\"{&quot;_animation&quot;:&quot;pulse&quot;,&quot;_animation_delay&quot;:200,&quot;ekit_we_effect_on&quot;:&quot;none&quot;}\" data-widget_type=\"elementskit-button.default\">\n\t\t\t\t<div class=\"elementor-widget-container\">\n\t\t\t\t\t<div class=\"ekit-wid-con\" >\t\t<div class=\"ekit-btn-wraper\">\n\t\t\t\t\t\t\t<a href=\"https:\/\/hrappka.pl\/kontakt\" class=\"elementskit-btn  whitespace--normal\" id=\"\">\n\t\t\t\t\tHaben Sie Fragen?<i class=\"fas fa-external-link-alt\"><\/i>\t\t\t\t<\/a>\n\t\t\t\t\t<\/div>\n        <\/div>\t\t\t\t<\/div>\n\t\t\t\t<\/div>\n\t\t\t\t<\/div>\n\t\t\t\t<\/div>\n\t\t<div class=\"elementor-element elementor-element-240e332a e-con-full e-flex e-con e-child\" data-id=\"240e332a\" data-element_type=\"container\" data-e-type=\"container\">\n\t\t<div class=\"elementor-element elementor-element-7c1179fb e-con-full e-flex e-con e-child\" data-id=\"7c1179fb\" data-element_type=\"container\" data-e-type=\"container\">\n\t\t\t\t<div class=\"elementor-element elementor-element-acfc5c animated-fast elementor-widget__width-inherit elementor-invisible elementor-widget elementor-widget-elementskit-accordion\" data-id=\"acfc5c\" data-element_type=\"widget\" data-e-type=\"widget\" data-settings=\"{&quot;_animation&quot;:&quot;fadeIn&quot;,&quot;_animation_delay&quot;:200,&quot;ekit_we_effect_on&quot;:&quot;none&quot;}\" data-widget_type=\"elementskit-accordion.default\">\n\t\t\t\t<div class=\"elementor-widget-container\">\n\t\t\t\t\t<div class=\"ekit-wid-con\" >\n        <div class=\"elementskit-accordion accoedion-primary\" id=\"accordion-69f9d97118e27\">\n\n            \n                <div class=\"elementskit-card \">\n                    <div class=\"elementskit-card-header\" id=\"primaryHeading-0-acfc5c\">\n                        <a href=\"#collapse-bc2283069f9d97118e27\" class=\"ekit-accordion--toggler elementskit-btn-link collapsed\" data-ekit-toggle=\"collapse\" data-target=\"#Collapse-bc2283069f9d97118e27\" aria-expanded=\"false\" aria-controls=\"Collapse-bc2283069f9d97118e27\">\n                            \n                            <span class=\"ekit-accordion-title\">Logische Sicherheit<\/span>\n\n                            \n                                <div class=\"ekit_accordion_icon_group\">\n                                    <div class=\"ekit_accordion_normal_icon\">\n                                        <!-- Normal Icon -->\n\t\t\t\t\t\t\t\t\t\t<i class=\"icon icon-plus\"><\/i>                                    <\/div>\n\n                                    <div class=\"ekit_accordion_active_icon\">\n                                        <!-- Active Icon -->\n\t\t\t\t\t\t\t\t\t\t<i class=\"icon icon-minus\"><\/i>                                    <\/div>\n                                <\/div>\n\n                            \n                                                    <\/a>\n                    <\/div>\n\n                    <div id=\"Collapse-bc2283069f9d97118e27\" class=\" collapse\" aria-labelledby=\"primaryHeading-0-acfc5c\" data-parent=\"#accordion-69f9d97118e27\">\n\n                        <div class=\"elementskit-card-body ekit-accordion--content\">\n                            <p>Das HRappka-System verf\u00fcgt \u00fcber eine Reihe von Funktionen, mit denen Sie Ihre Daten vor unbefugtem Zugriff sch\u00fctzen k\u00f6nnen. Das ist m.in.: <\/p>\n<ul>\n<li>Auswahl der IP-Adresse, von der aus Sie sich am System anmelden k\u00f6nnen,<\/li>\n<li>die M\u00f6glichkeit, die doppelte Authentifizierung zu konfigurieren,<\/li>\n<li>Sperren von Konten nach dem Abmelden (auf diese Weise k\u00f6nnen Sie die Nutzung der Anwendung nur w\u00e4hrend der Arbeitszeit kontrollieren),<\/li>\n<li>t\u00e4gliche, automatische Sicherung der Daten in E-Mail,<\/li>\n<li>Einschr\u00e4nkung der Rechte der Systembenutzer (z. B. k\u00f6nnen Personalvermittler nur auf das Rekrutierungsmodul und HR nur auf das HR- und Gehaltsabrechnungsmodul zugreifen),<\/li>\n<li>Einschr\u00e4nken von Benutzerberechtigungen zum Exportieren von Daten<\/li>\n<li>E-Mail-Benachrichtigungen an Administratoren, wenn der Benutzer Daten aus dem System exportiert.<\/li>\n<\/ul>\n                        <\/div>\n\n                    <\/div>\n\n                <\/div><!-- .elementskit-card END -->\n\n                \n                <div class=\"elementskit-card \">\n                    <div class=\"elementskit-card-header\" id=\"primaryHeading-1-acfc5c\">\n                        <a href=\"#collapse-c5c2d6669f9d97118e27\" class=\"ekit-accordion--toggler elementskit-btn-link collapsed\" data-ekit-toggle=\"collapse\" data-target=\"#Collapse-c5c2d6669f9d97118e27\" aria-expanded=\"false\" aria-controls=\"Collapse-c5c2d6669f9d97118e27\">\n                            \n                            <span class=\"ekit-accordion-title\">Datensicherheit<\/span>\n\n                            \n                                <div class=\"ekit_accordion_icon_group\">\n                                    <div class=\"ekit_accordion_normal_icon\">\n                                        <!-- Normal Icon -->\n\t\t\t\t\t\t\t\t\t\t<i class=\"icon icon-plus\"><\/i>                                    <\/div>\n\n                                    <div class=\"ekit_accordion_active_icon\">\n                                        <!-- Active Icon -->\n\t\t\t\t\t\t\t\t\t\t<i class=\"icon icon-minus\"><\/i>                                    <\/div>\n                                <\/div>\n\n                            \n                                                    <\/a>\n                    <\/div>\n\n                    <div id=\"Collapse-c5c2d6669f9d97118e27\" class=\" collapse\" aria-labelledby=\"primaryHeading-1-acfc5c\" data-parent=\"#accordion-69f9d97118e27\">\n\n                        <div class=\"elementskit-card-body ekit-accordion--content\">\n                            <div class=\"kc-elm kc-css-5498 kc_accordion_section group kc-section-active\">\n<div class=\"kc_accordion_content ui-accordion-content kc_clearfix\">\n<div class=\"kc-panel-body\">\n<div class=\"kc-elm kc-css-755679 kc_text_block\">\n<p>In jeder Phase der Entwicklung des HRappka.pl Systems steht die Datensicherheit f\u00fcr uns an erster Stelle. Wir haben integrierte Penetrationstests in der Qualit\u00e4tssicherung (basierend auf OWASP), sodass unsere Software hohe Sicherheitsstandards erf\u00fcllt. <\/p>\n<\/div>\n<\/div>\n<\/div>\n<\/div>\n                        <\/div>\n\n                    <\/div>\n\n                <\/div><!-- .elementskit-card END -->\n\n                \n                <div class=\"elementskit-card \">\n                    <div class=\"elementskit-card-header\" id=\"primaryHeading-2-acfc5c\">\n                        <a href=\"#collapse-eeac41369f9d97118e27\" class=\"ekit-accordion--toggler elementskit-btn-link collapsed\" data-ekit-toggle=\"collapse\" data-target=\"#Collapse-eeac41369f9d97118e27\" aria-expanded=\"false\" aria-controls=\"Collapse-eeac41369f9d97118e27\">\n                            \n                            <span class=\"ekit-accordion-title\">Physische Sicherheit<\/span>\n\n                            \n                                <div class=\"ekit_accordion_icon_group\">\n                                    <div class=\"ekit_accordion_normal_icon\">\n                                        <!-- Normal Icon -->\n\t\t\t\t\t\t\t\t\t\t<i class=\"icon icon-plus\"><\/i>                                    <\/div>\n\n                                    <div class=\"ekit_accordion_active_icon\">\n                                        <!-- Active Icon -->\n\t\t\t\t\t\t\t\t\t\t<i class=\"icon icon-minus\"><\/i>                                    <\/div>\n                                <\/div>\n\n                            \n                                                    <\/a>\n                    <\/div>\n\n                    <div id=\"Collapse-eeac41369f9d97118e27\" class=\" collapse\" aria-labelledby=\"primaryHeading-2-acfc5c\" data-parent=\"#accordion-69f9d97118e27\">\n\n                        <div class=\"elementskit-card-body ekit-accordion--content\">\n                            <p>Wir sch\u00fctzen Ihre Daten physisch (gegen Verlust) \u2013 Ihre Daten befinden sich auf 7 Festplatten gleichzeitig, in 2 Rechenzentren.<\/p>\n<p>Dar\u00fcber hinaus bieten wir Ihnen die M\u00f6glichkeit, das System auf Ihrem eigenen Server zu installieren.<\/p>\n                        <\/div>\n\n                    <\/div>\n\n                <\/div><!-- .elementskit-card END -->\n\n                \n                <div class=\"elementskit-card \">\n                    <div class=\"elementskit-card-header\" id=\"primaryHeading-3-acfc5c\">\n                        <a href=\"#collapse-ce8825c69f9d97118e27\" class=\"ekit-accordion--toggler elementskit-btn-link collapsed\" data-ekit-toggle=\"collapse\" data-target=\"#Collapse-ce8825c69f9d97118e27\" aria-expanded=\"false\" aria-controls=\"Collapse-ce8825c69f9d97118e27\">\n                            \n                            <span class=\"ekit-accordion-title\">Rechtssicherheit<\/span>\n\n                            \n                                <div class=\"ekit_accordion_icon_group\">\n                                    <div class=\"ekit_accordion_normal_icon\">\n                                        <!-- Normal Icon -->\n\t\t\t\t\t\t\t\t\t\t<i class=\"icon icon-plus\"><\/i>                                    <\/div>\n\n                                    <div class=\"ekit_accordion_active_icon\">\n                                        <!-- Active Icon -->\n\t\t\t\t\t\t\t\t\t\t<i class=\"icon icon-minus\"><\/i>                                    <\/div>\n                                <\/div>\n\n                            \n                                                    <\/a>\n                    <\/div>\n\n                    <div id=\"Collapse-ce8825c69f9d97118e27\" class=\" collapse\" aria-labelledby=\"primaryHeading-3-acfc5c\" data-parent=\"#accordion-69f9d97118e27\">\n\n                        <div class=\"elementskit-card-body ekit-accordion--content\">\n                            <p>Dank uns erf\u00fcllen Sie die Anforderungen der DSGVO. Sie geben die erforderlichen Erkl\u00e4rungen ab, reichen die Bescheinigungen und Bescheinigungen ein und berechnen die Verg\u00fctung korrekt. <\/p>\n<p>Das HRappka.pl System wird laufend an gesetzliche \u00c4nderungen angepasst.<\/p>\n<p>Wir informieren \u00fcber \u00c4nderungen in <a href=\"https:\/\/hrappka.pl\/pomoc\/kategoria\/aktualizacje-systemu\/\" target=\"_blank\" rel=\"noopener\">Newslettern<\/a>.<\/p>\n                        <\/div>\n\n                    <\/div>\n\n                <\/div><!-- .elementskit-card END -->\n\n                                        <\/div>\n    <\/div>\t\t\t\t<\/div>\n\t\t\t\t<\/div>\n\t\t\t\t<\/div>\n\t\t\t\t<\/div>\n\t\t\t\t\t<\/div>\n\t\t\t\t<\/div>\n\t\t\t\t<\/div>\n\t\t","protected":false},"excerpt":{"rendered":"<p>Sicherheit des HRappka.pl Systems Pr\u00fcfen Sie, wie wir Ihre Daten im HRappka-System sichern. Haben Sie Fragen? Logische Sicherheit Das HRappka-System verf\u00fcgt \u00fcber eine Reihe von Funktionen, mit denen Sie Ihre Daten vor unbefugtem Zugriff sch\u00fctzen k\u00f6nnen. Das ist m.in.: Auswahl der IP-Adresse, von der aus Sie sich am System anmelden k\u00f6nnen, die M\u00f6glichkeit, die doppelte [&hellip;]<\/p>\n","protected":false},"author":1,"featured_media":0,"parent":0,"menu_order":0,"comment_status":"closed","ping_status":"closed","template":"","meta":{"footnotes":""},"class_list":["post-53318","page","type-page","status-publish","hentry"],"yoast_head":"<!-- This site is optimized with the Yoast SEO plugin v27.5 - https:\/\/yoast.com\/product\/yoast-seo-wordpress\/ -->\n<title>Sicherheit &#8226; HRappka.pl<\/title>\n<meta name=\"description\" content=\"Erfahren Sie, wie wir die Sicherheit der Daten unserer Kunden gew\u00e4hrleisten. Systemsicherheit \u2013 physisch, logisch und rechtlich (GDPR-Konformit\u00e4t).\" \/>\n<meta name=\"robots\" content=\"index, follow, max-snippet:-1, max-image-preview:large, max-video-preview:-1\" \/>\n<link rel=\"canonical\" href=\"https:\/\/hrappka.pl\/de\/sicherheit\/\" \/>\n<meta property=\"og:locale\" content=\"de_DE\" \/>\n<meta property=\"og:type\" content=\"article\" \/>\n<meta property=\"og:title\" content=\"Sicherheit &#8226; HRappka.pl\" \/>\n<meta property=\"og:description\" content=\"Erfahren Sie, wie wir die Sicherheit der Daten unserer Kunden gew\u00e4hrleisten. Systemsicherheit \u2013 physisch, logisch und rechtlich (GDPR-Konformit\u00e4t).\" \/>\n<meta property=\"og:url\" content=\"https:\/\/hrappka.pl\/de\/sicherheit\/\" \/>\n<meta property=\"og:site_name\" content=\"HRappka.pl\" \/>\n<meta property=\"article:publisher\" content=\"https:\/\/www.facebook.com\/hrappka\" \/>\n<meta property=\"article:modified_time\" content=\"2025-09-29T13:10:19+00:00\" \/>\n<meta name=\"twitter:card\" content=\"summary_large_image\" \/>\n<meta name=\"twitter:label1\" content=\"Gesch\u00e4tzte Lesezeit\" \/>\n\t<meta name=\"twitter:data1\" content=\"2\u00a0Minuten\" \/>\n<!-- \/ Yoast SEO plugin. -->","yoast_head_json":{"title":"Sicherheit &#8226; HRappka.pl","description":"Erfahren Sie, wie wir die Sicherheit der Daten unserer Kunden gew\u00e4hrleisten. Systemsicherheit \u2013 physisch, logisch und rechtlich (GDPR-Konformit\u00e4t).","robots":{"index":"index","follow":"follow","max-snippet":"max-snippet:-1","max-image-preview":"max-image-preview:large","max-video-preview":"max-video-preview:-1"},"canonical":"https:\/\/hrappka.pl\/de\/sicherheit\/","og_locale":"de_DE","og_type":"article","og_title":"Sicherheit &#8226; HRappka.pl","og_description":"Erfahren Sie, wie wir die Sicherheit der Daten unserer Kunden gew\u00e4hrleisten. Systemsicherheit \u2013 physisch, logisch und rechtlich (GDPR-Konformit\u00e4t).","og_url":"https:\/\/hrappka.pl\/de\/sicherheit\/","og_site_name":"HRappka.pl","article_publisher":"https:\/\/www.facebook.com\/hrappka","article_modified_time":"2025-09-29T13:10:19+00:00","twitter_card":"summary_large_image","twitter_misc":{"Gesch\u00e4tzte Lesezeit":"2\u00a0Minuten"},"schema":{"@context":"https:\/\/schema.org","@graph":[{"@type":"WebPage","@id":"https:\/\/hrappka.pl\/de\/sicherheit\/","url":"https:\/\/hrappka.pl\/de\/sicherheit\/","name":"Sicherheit &#8226; HRappka.pl","isPartOf":{"@id":"https:\/\/hrappka.pl\/de\/#website"},"datePublished":"2025-07-18T10:06:57+00:00","dateModified":"2025-09-29T13:10:19+00:00","description":"Erfahren Sie, wie wir die Sicherheit der Daten unserer Kunden gew\u00e4hrleisten. Systemsicherheit \u2013 physisch, logisch und rechtlich (GDPR-Konformit\u00e4t).","breadcrumb":{"@id":"https:\/\/hrappka.pl\/de\/sicherheit\/#breadcrumb"},"inLanguage":"de","potentialAction":[{"@type":"ReadAction","target":["https:\/\/hrappka.pl\/de\/sicherheit\/"]}]},{"@type":"BreadcrumbList","@id":"https:\/\/hrappka.pl\/de\/sicherheit\/#breadcrumb","itemListElement":[{"@type":"ListItem","position":1,"name":"Strona g\u0142\u00f3wna","item":"http:\/\/hrappka.pl\/de\/"},{"@type":"ListItem","position":2,"name":"Sicherheit"}]},{"@type":"WebSite","@id":"https:\/\/hrappka.pl\/de\/#website","url":"https:\/\/hrappka.pl\/de\/","name":"HRappka.pl","description":"System HR: automatyzacja rekrutacji, kadr i p\u0142ac oraz ewidencji czasu pracy","publisher":{"@id":"https:\/\/hrappka.pl\/de\/#organization"},"alternateName":"HRappka","potentialAction":[{"@type":"SearchAction","target":{"@type":"EntryPoint","urlTemplate":"https:\/\/hrappka.pl\/de\/?s={search_term_string}"},"query-input":{"@type":"PropertyValueSpecification","valueRequired":true,"valueName":"search_term_string"}}],"inLanguage":"de"},{"@type":"Organization","@id":"https:\/\/hrappka.pl\/de\/#organization","name":"HRappka.pl","alternateName":"HRappka","url":"https:\/\/hrappka.pl\/de\/","logo":{"@type":"ImageObject","inLanguage":"de","@id":"https:\/\/hrappka.pl\/de\/#\/schema\/logo\/image\/","url":"https:\/\/hrappka.pl\/wp-content\/uploads\/2025\/07\/hrappka-logo.avif","contentUrl":"https:\/\/hrappka.pl\/wp-content\/uploads\/2025\/07\/hrappka-logo.avif","width":1200,"height":675,"caption":"HRappka.pl"},"image":{"@id":"https:\/\/hrappka.pl\/de\/#\/schema\/logo\/image\/"},"sameAs":["https:\/\/www.facebook.com\/hrappka"]}]}},"_links":{"self":[{"href":"https:\/\/hrappka.pl\/de\/wp-json\/wp\/v2\/pages\/53318","targetHints":{"allow":["GET"]}}],"collection":[{"href":"https:\/\/hrappka.pl\/de\/wp-json\/wp\/v2\/pages"}],"about":[{"href":"https:\/\/hrappka.pl\/de\/wp-json\/wp\/v2\/types\/page"}],"author":[{"embeddable":true,"href":"https:\/\/hrappka.pl\/de\/wp-json\/wp\/v2\/users\/1"}],"replies":[{"embeddable":true,"href":"https:\/\/hrappka.pl\/de\/wp-json\/wp\/v2\/comments?post=53318"}],"version-history":[{"count":8,"href":"https:\/\/hrappka.pl\/de\/wp-json\/wp\/v2\/pages\/53318\/revisions"}],"predecessor-version":[{"id":60928,"href":"https:\/\/hrappka.pl\/de\/wp-json\/wp\/v2\/pages\/53318\/revisions\/60928"}],"wp:attachment":[{"href":"https:\/\/hrappka.pl\/de\/wp-json\/wp\/v2\/media?parent=53318"}],"curies":[{"name":"wp","href":"https:\/\/api.w.org\/{rel}","templated":true}]}}